{"id":2013,"date":"2024-11-25T20:27:57","date_gmt":"2024-11-25T20:27:57","guid":{"rendered":"https:\/\/360marketinq.az\/?page_id=2013"},"modified":"2025-08-24T19:11:46","modified_gmt":"2025-08-24T19:11:46","slug":"cari-marketinq-fealiyyetinin-analizi","status":"publish","type":"page","link":"https:\/\/360marketinq.az\/en\/marketing-xidmetleri\/cari-marketinq-fealiyyetinin-analizi\/","title":{"rendered":"Current marketing activity analysis"},"content":{"rendered":"<h1 data-start=\"309\" data-end=\"348\">Analysis of Current Marketing Activity<\/h1>\n<p data-start=\"350\" data-end=\"684\">Are your marketing activities producing results, or are you just wasting time and budget? Are your social media posts, advertising campaigns, and overall brand communication strategy delivering results in line with your goals? All of these questions need to be answered. <strong data-start=\"579\" data-end=\"614\">receive an objective and professional response<\/strong> for <strong data-start=\"620\" data-end=\"660\">analysis of current marketing activities<\/strong> Take advantage of the service.<\/p>\n<p data-start=\"686\" data-end=\"904\">As 360 Marketing, we will analyze all the marketing activities your company is currently carrying out. <strong data-start=\"778\" data-end=\"817\">compliance with established goals<\/strong>, <strong data-start=\"819\" data-end=\"834\">efficiency<\/strong>, <strong data-start=\"836\" data-end=\"843\">ROI<\/strong> and <strong data-start=\"847\" data-end=\"878\">impact on target audience<\/strong> we analyze in terms of<\/p>\n<hr data-start=\"906\" data-end=\"909\" \/>\n<h3 data-start=\"911\" data-end=\"938\">What is the purpose of the service?<\/h3>\n<p data-start=\"940\" data-end=\"1226\">Marketing is not just about \u201clooking good\u201d \u2013 <strong data-start=\"982\" data-end=\"1001\">should bring sales<\/strong>, <strong data-start=\"1003\" data-end=\"1023\">should promote the brand<\/strong>, <strong data-start=\"1025\" data-end=\"1057\">connect with the audience<\/strong> and <strong data-start=\"1061\" data-end=\"1084\">measurable outcome<\/strong> however, often entrepreneurs and marketing teams are unable to fully determine how effectively each activity is working.owever, often entrepreneurs and marketing teams are unable to fully determine how effectively each activity is working.<\/p>\n<p data-start=\"1228\" data-end=\"1423\"><strong data-start=\"1228\" data-end=\"1268\">Current marketing activity analysis<\/strong> fills this gap. This service reveals how you reached your target audience, what results you achieved on which channels, and what you need to change.<\/p>\n<hr data-start=\"1425\" data-end=\"1428\" \/>\n<h3 data-start=\"1430\" data-end=\"1473\"><img fetchpriority=\"high\" decoding=\"async\" class=\"alignnone wp-image-3160 size-full\" title=\"analysis of current marketing activities\" src=\"https:\/\/360marketinq.az\/wp-content\/uploads\/2025\/08\/smm-xidm\u0259ti-7.png\" alt=\"cari marketinq f\u0259aliyy\u0259tinin analizi\" width=\"1024\" height=\"576\" srcset=\"https:\/\/360marketinq.az\/wp-content\/uploads\/2025\/08\/smm-xidm\u0259ti-7.png 1024w, https:\/\/360marketinq.az\/wp-content\/uploads\/2025\/08\/smm-xidm\u0259ti-7-300x169.png 300w, https:\/\/360marketinq.az\/wp-content\/uploads\/2025\/08\/smm-xidm\u0259ti-7-768x432.png 768w, https:\/\/360marketinq.az\/wp-content\/uploads\/2025\/08\/smm-xidm\u0259ti-7-18x10.png 18w\" sizes=\"(max-width: 1024px) 100vw, 1024px\" \/><\/h3>\n<h3 data-start=\"1430\" data-end=\"1473\">What is considered during the analysis?<\/h3>\n<h4 data-start=\"1475\" data-end=\"1508\">1. <strong data-start=\"1483\" data-end=\"1508\">Current status of the brand<\/strong><\/h4>\n<ul data-start=\"1509\" data-end=\"1609\">\n<li data-start=\"1509\" data-end=\"1535\">\n<p data-start=\"1511\" data-end=\"1535\">Brand recognition rate<\/p>\n<\/li>\n<li data-start=\"1536\" data-end=\"1577\">\n<p data-start=\"1538\" data-end=\"1577\">Brand positioning and messaging<\/p>\n<\/li>\n<li data-start=\"1578\" data-end=\"1609\">\n<p data-start=\"1580\" data-end=\"1609\">Visual and design compatibility<\/p>\n<\/li>\n<\/ul>\n<h4 data-start=\"1611\" data-end=\"1640\">2. <strong data-start=\"1619\" data-end=\"1640\">Digital activity<\/strong><\/h4>\n<ul data-start=\"1641\" data-end=\"1881\">\n<li data-start=\"1641\" data-end=\"1682\">\n<p data-start=\"1643\" data-end=\"1682\">Social media strategy and results<\/p>\n<\/li>\n<li data-start=\"1683\" data-end=\"1747\">\n<p data-start=\"1685\" data-end=\"1747\">Follower growth, reach, views, and interactivity metrics<\/p>\n<\/li>\n<li data-start=\"1748\" data-end=\"1795\">\n<p data-start=\"1750\" data-end=\"1795\">Performance of email marketing campaigns<\/p>\n<\/li>\n<li data-start=\"1796\" data-end=\"1833\">\n<p data-start=\"1798\" data-end=\"1833\">SEO and the technical status of the website<\/p>\n<\/li>\n<li data-start=\"1834\" data-end=\"1881\">\n<p data-start=\"1836\" data-end=\"1881\">The effectiveness of Google Ads and Meta ads<\/p>\n<\/li>\n<\/ul>\n<h4 data-start=\"1883\" data-end=\"1926\">3. <strong data-start=\"1891\" data-end=\"1926\">Content and communication analysis<\/strong><\/h4>\n<ul data-start=\"1927\" data-end=\"2073\">\n<li data-start=\"1927\" data-end=\"1964\">\n<p data-start=\"1929\" data-end=\"1964\">The tone and format of the content shared<\/p>\n<\/li>\n<li data-start=\"1965\" data-end=\"2009\">\n<p data-start=\"1967\" data-end=\"2009\">CTA (call to action) relevance and results<\/p>\n<\/li>\n<li data-start=\"2010\" data-end=\"2073\">\n<p data-start=\"2012\" data-end=\"2073\">The impact of slogans, headlines, and messages used<\/p>\n<\/li>\n<\/ul>\n<h4 data-start=\"2075\" data-end=\"2115\">4. <strong data-start=\"2083\" data-end=\"2115\">Comparative analysis with competitors<\/strong><\/h4>\n<ul data-start=\"2116\" data-end=\"2286\">\n<li data-start=\"2116\" data-end=\"2160\">\n<p data-start=\"2118\" data-end=\"2160\">Level of digital activity of key competitors<\/p>\n<\/li>\n<li data-start=\"2161\" data-end=\"2215\">\n<p data-start=\"2163\" data-end=\"2215\">The messaging and offering differences of competing brands<\/p>\n<\/li>\n<li data-start=\"2216\" data-end=\"2286\">\n<p data-start=\"2218\" data-end=\"2286\">Comparison of your performance with industry averages<\/p>\n<\/li>\n<\/ul>\n<h4 data-start=\"2288\" data-end=\"2325\">5. <strong data-start=\"2296\" data-end=\"2325\">ROI and Budget Efficiency<\/strong><\/h4>\n<ul data-start=\"2326\" data-end=\"2462\">\n<li data-start=\"2326\" data-end=\"2383\">\n<p data-start=\"2328\" data-end=\"2383\">Budget spent on each channel and results achieved<\/p>\n<\/li>\n<li data-start=\"2384\" data-end=\"2418\">\n<p data-start=\"2386\" data-end=\"2418\">Identifying effective channels<\/p>\n<\/li>\n<li data-start=\"2419\" data-end=\"2462\">\n<p data-start=\"2421\" data-end=\"2462\">Identifying ineffective activities<\/p>\n<\/li>\n<\/ul>\n<hr data-start=\"2464\" data-end=\"2467\" \/>\n<h3 data-start=\"2469\" data-end=\"2509\">At the end of the service you are presented with:<\/h3>\n<p data-start=\"2511\" data-end=\"2924\">\u2705 <strong data-start=\"2513\" data-end=\"2540\">Detailed analysis report<\/strong> \u2013 Graphical, numerical and comparative analysis document<br data-start=\"2607\" data-end=\"2610\" \/>\u2705 <strong data-start=\"2612\" data-end=\"2637\">Update recommendations<\/strong> \u2013 Practical suggestions on what needs to be done better in each area<br data-start=\"2722\" data-end=\"2725\" \/>\u2705 <strong data-start=\"2727\" data-end=\"2746\">Action plan<\/strong> \u2013 Plan of key strategic steps for the next 3-6 months<br data-start=\"2799\" data-end=\"2802\" \/>\u2705 <strong data-start=\"2804\" data-end=\"2852\">Short and long-term goal-oriented proposals<\/strong><br data-start=\"2852\" data-end=\"2855\" \/>\u2705 <strong data-start=\"2857\" data-end=\"2924\">Initial roadmap for brand, digital and content strategy<\/strong><\/p>\n<hr data-start=\"2926\" data-end=\"2929\" \/>\n<h3 data-start=\"2931\" data-end=\"2959\">Why is this service important?<\/h3>\n<ul data-start=\"2961\" data-end=\"3603\">\n<li data-start=\"2961\" data-end=\"3110\">\n<p data-start=\"2963\" data-end=\"3110\"><strong data-start=\"2963\" data-end=\"2999\">Avoid resource wastage<\/strong> \u2013 Seeing which channels, content, and strategies aren\u2019t working helps you avoid mistakes in the future.<\/p>\n<\/li>\n<li data-start=\"3111\" data-end=\"3236\">\n<p data-start=\"3113\" data-end=\"3236\"><strong data-start=\"3113\" data-end=\"3137\">Improve performance<\/strong> \u2013 It allows you to focus on successful channels to achieve more results with less budget.<\/p>\n<\/li>\n<li data-start=\"3237\" data-end=\"3351\">\n<p data-start=\"3239\" data-end=\"3351\"><strong data-start=\"3239\" data-end=\"3271\">Clear direction for the team<\/strong> \u2013 Establishes a common language and goal between the marketing team and management.<\/p>\n<\/li>\n<li data-start=\"3352\" data-end=\"3479\">\n<p data-start=\"3354\" data-end=\"3479\"><strong data-start=\"3354\" data-end=\"3385\">Base for strategic planning<\/strong> \u2013 Accurate analysis serves as a solid foundation for developing future marketing plans.<\/p>\n<\/li>\n<li data-start=\"3480\" data-end=\"3603\">\n<p data-start=\"3482\" data-end=\"3603\"><strong data-start=\"3482\" data-end=\"3508\">Getting rid of disorientation<\/strong> \u2013 Getting out of the \u201cwe don\u2019t know what to do and how to do it\u201d stage and moving forward in a planned manner.<\/p>\n<\/li>\n<\/ul>\n<hr data-start=\"4114\" data-end=\"4117\" \/>\n<h3 data-start=\"4119\" data-end=\"4147\">Frequently asked questions:<\/h3>\n<p data-start=\"4149\" data-end=\"4301\"><strong data-start=\"4149\" data-end=\"4182\">1. How long does it take to complete?<\/strong><br data-start=\"4182\" data-end=\"4185\" \/>It varies depending on the size of the project. It can take 5-7 business days for small businesses, and 10-14 days for medium and large enterprises.<\/p>\n<p data-start=\"4303\" data-end=\"4473\"><strong data-start=\"4303\" data-end=\"4352\">2. Is every digital channel included in the analysis?<\/strong><br data-start=\"4352\" data-end=\"4355\" \/>Yes. All major channels are analyzed, including social media, websites, and advertising platforms.<\/p>\n<p data-start=\"4475\" data-end=\"4654\"><strong data-start=\"4475\" data-end=\"4532\">3. I have my own team, do I still need this service?<\/strong><br data-start=\"4532\" data-end=\"4535\" \/>Of course. This service <strong data-start=\"4554\" data-end=\"4603\">objective review of the internal team's performance<\/strong> It is used for and plays a directional role.<\/p>\n<p data-start=\"4656\" data-end=\"4830\"><strong data-start=\"4656\" data-end=\"4697\">4. Can it be done once a quarter?<\/strong><br data-start=\"4697\" data-end=\"4700\" \/>Recommended. Repeating this analysis every 3 or 6 months to constantly update your marketing strategy yields effective results.<\/p>\n<hr data-start=\"4832\" data-end=\"4835\" \/>\n<h3 data-start=\"4837\" data-end=\"4866\">Start now, measure the results!<\/h3>\n<p data-start=\"4868\" data-end=\"5096\">Successful marketing is not accidental \u2013 <strong data-start=\"4902\" data-end=\"4941\">formed by analysis and strategy<\/strong>. You too <strong data-start=\"4950\" data-end=\"5021\">know how effective your current marketing activities are<\/strong>If you want to take the next step more confidently, contact us.<\/p>\n<p data-start=\"4410\" data-end=\"4506\" data-rm-block-id=\"block-76\">\ud83d\udcde\u00a0+994(70)9941804<br data-start=\"4438\" data-end=\"4441\" \/>\ud83d\udce9 info@360marketinginq.az<\/p>\n<p data-start=\"4410\" data-end=\"4506\" data-rm-block-id=\"block-77\"><a href=\"https:\/\/360marketinq.az\/video-360\/\">Portfolio<\/a><\/p>\n<p data-start=\"4410\" data-end=\"4506\" data-rm-block-id=\"block-78\"><a href=\"https:\/\/www.instagram.com\/360marketinq\/\" target=\"_blank\" rel=\"noopener\">Our Instagram account<\/a><\/p>\n<p data-start=\"4410\" data-end=\"4506\" data-rm-block-id=\"block-79\"><a href=\"https:\/\/www.facebook.com\/360marketinq\" target=\"_blank\" rel=\"noopener\">Our Facebook account<\/a><\/p>","protected":false},"excerpt":{"rendered":"<p>Cari Marketinq F\u0259aliyy\u0259tinin Analizi Marketinq f\u0259aliyy\u0259tl\u0259riniz n\u0259tic\u0259 verir, yoxsa sad\u0259c\u0259 vaxt v\u0259 b\u00fcdc\u0259 itirirsiniz? Sosial media postlar\u0131n\u0131z, reklam kampaniyalar\u0131n\u0131z v\u0259 \u00fcmumi brend kommunikasiya strategiyan\u0131z h\u0259d\u0259fl\u0259riniz\u0259 uy\u011fun n\u0259tic\u0259l\u0259r verir? B\u00fct\u00fcn bu suallara obyektiv v\u0259 pe\u015f\u0259kar cavab almaq \u00fc\u00e7\u00fcn cari marketinq f\u0259aliyy\u0259tinin analizi xidm\u0259tind\u0259n faydalan\u0131n. 360 Marketinq olaraq, \u015firk\u0259tinizin haz\u0131rda h\u0259yata ke\u00e7irdiyi b\u00fct\u00fcn marketinq f\u0259aliyy\u0259tl\u0259rini m\u00fc\u0259yy\u0259n edilmi\u015f [&hellip;]<\/p>\n","protected":false},"author":2,"featured_media":3449,"parent":38,"menu_order":0,"comment_status":"closed","ping_status":"closed","template":"elementor_header_footer","meta":{"footnotes":""},"class_list":["post-2013","page","type-page","status-publish","has-post-thumbnail","hentry"],"_links":{"self":[{"href":"https:\/\/360marketinq.az\/en\/wp-json\/wp\/v2\/pages\/2013","targetHints":{"allow":["GET"]}}],"collection":[{"href":"https:\/\/360marketinq.az\/en\/wp-json\/wp\/v2\/pages"}],"about":[{"href":"https:\/\/360marketinq.az\/en\/wp-json\/wp\/v2\/types\/page"}],"author":[{"embeddable":true,"href":"https:\/\/360marketinq.az\/en\/wp-json\/wp\/v2\/users\/2"}],"replies":[{"embeddable":true,"href":"https:\/\/360marketinq.az\/en\/wp-json\/wp\/v2\/comments?post=2013"}],"version-history":[{"count":0,"href":"https:\/\/360marketinq.az\/en\/wp-json\/wp\/v2\/pages\/2013\/revisions"}],"up":[{"embeddable":true,"href":"https:\/\/360marketinq.az\/en\/wp-json\/wp\/v2\/pages\/38"}],"wp:featuredmedia":[{"embeddable":true,"href":"https:\/\/360marketinq.az\/en\/wp-json\/wp\/v2\/media\/3449"}],"wp:attachment":[{"href":"https:\/\/360marketinq.az\/en\/wp-json\/wp\/v2\/media?parent=2013"}],"curies":[{"name":"wp","href":"https:\/\/api.w.org\/{rel}","templated":true}]}}