{"id":257,"date":"2023-06-07T06:41:09","date_gmt":"2023-06-07T06:41:09","guid":{"rendered":"https:\/\/360marketinq.az\/?page_id=257"},"modified":"2025-08-24T21:53:17","modified_gmt":"2025-08-24T21:53:17","slug":"blog","status":"publish","type":"page","link":"https:\/\/360marketinq.az\/en\/blog\/","title":{"rendered":"Blog"},"content":{"rendered":"<div data-elementor-type=\"wp-page\" data-elementor-id=\"257\" class=\"elementor elementor-257\" data-elementor-post-type=\"page\">\n\t\t\t\t\t\t<section class=\"elementor-section elementor-top-section elementor-element elementor-element-2fb7517 elementor-section-full_width elementor-section-stretched elementor-section-height-default elementor-section-height-default\" data-id=\"2fb7517\" data-element_type=\"section\" data-e-type=\"section\" data-settings=\"{&quot;stretch_section&quot;:&quot;section-stretched&quot;,&quot;wdt_bg_image&quot;:{&quot;url&quot;:&quot;&quot;,&quot;id&quot;:&quot;&quot;,&quot;size&quot;:&quot;&quot;},&quot;wdt_bg_image_widescreen&quot;:{&quot;url&quot;:&quot;&quot;,&quot;id&quot;:&quot;&quot;,&quot;size&quot;:&quot;&quot;},&quot;wdt_bg_image_laptop&quot;:{&quot;url&quot;:&quot;&quot;,&quot;id&quot;:&quot;&quot;,&quot;size&quot;:&quot;&quot;},&quot;wdt_bg_image_tablet_extra&quot;:{&quot;url&quot;:&quot;&quot;,&quot;id&quot;:&quot;&quot;,&quot;size&quot;:&quot;&quot;},&quot;wdt_bg_image_tablet&quot;:{&quot;url&quot;:&quot;&quot;,&quot;id&quot;:&quot;&quot;,&quot;size&quot;:&quot;&quot;},&quot;wdt_bg_image_mobile_extra&quot;:{&quot;url&quot;:&quot;&quot;,&quot;id&quot;:&quot;&quot;,&quot;size&quot;:&quot;&quot;},&quot;wdt_bg_image_mobile&quot;:{&quot;url&quot;:&quot;&quot;,&quot;id&quot;:&quot;&quot;,&quot;size&quot;:&quot;&quot;},&quot;wdt_bg_position&quot;:&quot;center center&quot;,&quot;wdt_animation_effect&quot;:&quot;none&quot;}\">\n\t\t\t\t\t\t<div class=\"elementor-container elementor-column-gap-default\">\n\t\t\t\t\t<div class=\"elementor-column elementor-col-100 elementor-top-column elementor-element elementor-element-d65afa0\" data-id=\"d65afa0\" data-element_type=\"column\" data-e-type=\"column\">\n\t\t\t<div class=\"elementor-widget-wrap elementor-element-populated\">\n\t\t\t\t\t\t<section class=\"elementor-section elementor-inner-section elementor-element elementor-element-2f927e2 elementor-section-full_width elementor-section-height-default elementor-section-height-default\" data-id=\"2f927e2\" data-element_type=\"section\" data-e-type=\"section\" data-settings=\"{&quot;wdt_bg_image&quot;:{&quot;url&quot;:&quot;&quot;,&quot;id&quot;:&quot;&quot;,&quot;size&quot;:&quot;&quot;},&quot;wdt_bg_image_widescreen&quot;:{&quot;url&quot;:&quot;&quot;,&quot;id&quot;:&quot;&quot;,&quot;size&quot;:&quot;&quot;},&quot;wdt_bg_image_laptop&quot;:{&quot;url&quot;:&quot;&quot;,&quot;id&quot;:&quot;&quot;,&quot;size&quot;:&quot;&quot;},&quot;wdt_bg_image_tablet_extra&quot;:{&quot;url&quot;:&quot;&quot;,&quot;id&quot;:&quot;&quot;,&quot;size&quot;:&quot;&quot;},&quot;wdt_bg_image_tablet&quot;:{&quot;url&quot;:&quot;&quot;,&quot;id&quot;:&quot;&quot;,&quot;size&quot;:&quot;&quot;},&quot;wdt_bg_image_mobile_extra&quot;:{&quot;url&quot;:&quot;&quot;,&quot;id&quot;:&quot;&quot;,&quot;size&quot;:&quot;&quot;},&quot;wdt_bg_image_mobile&quot;:{&quot;url&quot;:&quot;&quot;,&quot;id&quot;:&quot;&quot;,&quot;size&quot;:&quot;&quot;},&quot;wdt_bg_position&quot;:&quot;center center&quot;,&quot;wdt_animation_effect&quot;:&quot;none&quot;}\">\n\t\t\t\t\t\t<div class=\"elementor-container elementor-column-gap-default\">\n\t\t\t\t\t<div class=\"elementor-column elementor-col-100 elementor-inner-column elementor-element elementor-element-7c41e47\" data-id=\"7c41e47\" data-element_type=\"column\" data-e-type=\"column\">\n\t\t\t<div class=\"elementor-widget-wrap elementor-element-populated\">\n\t\t\t\t\t\t<div class=\"elementor-element elementor-element-2e8b8bd elementor-widget elementor-widget-wdt-blog-posts\" data-id=\"2e8b8bd\" data-element_type=\"widget\" data-e-type=\"widget\" data-settings=\"{&quot;wdt_animation_effect&quot;:&quot;none&quot;}\" data-widget_type=\"wdt-blog-posts.default\">\n\t\t\t\t<div class=\"elementor-widget-container\">\n\t\t\t\t\t<div class=\"wdt-posts-list-wrapper  wdt-post-list-carousel-2e8b8bd\" ><div class='tpl-blog-holder  apply-isotope'><div class='grid-sizer  entry-grid-layout wdt-bordered-style wdt-scalein-hover wdt-default-overlay alignnone column wdt-one-half wdt-post-entry'><\/div><div class=\"entry-grid-layout wdt-bordered-style wdt-scalein-hover wdt-default-overlay alignnone column wdt-one-half wdt-post-entry\"><article id=\"post-2827\" class=\"post-2827 post type-post status-publish format-standard has-post-thumbnail hentry category-sosial-media-marketinq category-uncategorized blog-entry\">\r\n\r\n\r\n\t<!-- Featured Image -->\r\n\t<div class=\"entry-thumb\">\r\n\t\t\r\n<a href=\"https:\/\/360marketinq.az\/en\/smm-sirketi-nedir\/\" title=\"Permalink to SMM \u015firk\u0259ti n\u0259dir? SMM \u015firk\u0259tini nec\u0259 se\u00e7m\u0259liy\u0259m?\"><img fetchpriority=\"high\" decoding=\"async\" width=\"1200\" height=\"674\" src=\"https:\/\/360marketinq.az\/wp-content\/uploads\/2025\/03\/Facebook-Ad-Templates-to-Create-Winning-Ad-Campaigns-1-1.jpg\" class=\"attachment-wdt-blog-ii-column size-wdt-blog-ii-column wp-post-image\" alt=\"Facebook Ads n\u0259dir v\u0259 nec\u0259 i\u015fl\u0259yir?\" srcset=\"https:\/\/360marketinq.az\/wp-content\/uploads\/2025\/03\/Facebook-Ad-Templates-to-Create-Winning-Ad-Campaigns-1-1.jpg 1200w, https:\/\/360marketinq.az\/wp-content\/uploads\/2025\/03\/Facebook-Ad-Templates-to-Create-Winning-Ad-Campaigns-1-1-300x169.jpg 300w, https:\/\/360marketinq.az\/wp-content\/uploads\/2025\/03\/Facebook-Ad-Templates-to-Create-Winning-Ad-Campaigns-1-1-1024x575.jpg 1024w, https:\/\/360marketinq.az\/wp-content\/uploads\/2025\/03\/Facebook-Ad-Templates-to-Create-Winning-Ad-Campaigns-1-1-768x431.jpg 768w, https:\/\/360marketinq.az\/wp-content\/uploads\/2025\/03\/Facebook-Ad-Templates-to-Create-Winning-Ad-Campaigns-1-1-18x10.jpg 18w\" sizes=\"(max-width: 1200px) 100vw, 1200px\" \/><\/a>\r\n        <\/div><!-- Featured Image -->\r\n<!-- Entry Date -->\r\n<div class=\"entry-date\">\r\n\t<!-- <i class=\"wdticon-calendar\"> <\/i> -->\r\n\t30 July 2025<\/div><!-- Entry Date -->\r\n<!-- Entry Title -->\r\n<div class=\"entry-title\">\r\n\t<h4>    \t<a href=\"https:\/\/360marketinq.az\/en\/smm-sirketi-nedir\/\" title=\"Permalink to SMM \u015firk\u0259ti n\u0259dir? SMM \u015firk\u0259tini nec\u0259 se\u00e7m\u0259liy\u0259m?\">What is an SMM company? How should I choose an SMM company<\/a>\r\n\t<\/h4>\r\n<\/div><!-- Entry Title -->\r\n\t<div class=\"entry-body\"><p>What is an SMM company? What is the work of SMM companies? SMM company. Activities of SMM agencies. Entrepreneurs...<\/p><\/div>\r\n<\/article><\/div><div class=\"entry-grid-layout wdt-bordered-style wdt-scalein-hover wdt-default-overlay alignnone column wdt-one-half wdt-post-entry\"><article id=\"post-2343\" class=\"post-2343 post type-post status-publish format-standard has-post-thumbnail hentry category-b2b-v-b2c-marketing tag-b2b tag-b2c tag-marketinq blog-entry\">\r\n\r\n\r\n\t<!-- Featured Image -->\r\n\t<div class=\"entry-thumb\">\r\n\t\t\r\n<a href=\"https:\/\/360marketinq.az\/en\/b2b-ve-b2c-marketinq-ferqler-nelerdir\/\" title=\"Permalink to B2B v\u0259 B2C Marketinq: F\u0259rql\u0259r n\u0259l\u0259rdir?\"><img decoding=\"async\" width=\"1920\" height=\"1080\" src=\"https:\/\/360marketinq.az\/wp-content\/uploads\/2025\/03\/B2B2C-Model-Example.png\" class=\"attachment-wdt-blog-ii-column size-wdt-blog-ii-column wp-post-image\" alt=\"B2B v\u0259 B2C Marketinq \u00fc\u00e7\u00fcn \u018fsas SEO Strategiyalar\u0131\" srcset=\"https:\/\/360marketinq.az\/wp-content\/uploads\/2025\/03\/B2B2C-Model-Example.png 1920w, https:\/\/360marketinq.az\/wp-content\/uploads\/2025\/03\/B2B2C-Model-Example-300x169.png 300w, https:\/\/360marketinq.az\/wp-content\/uploads\/2025\/03\/B2B2C-Model-Example-1024x576.png 1024w, https:\/\/360marketinq.az\/wp-content\/uploads\/2025\/03\/B2B2C-Model-Example-768x432.png 768w, https:\/\/360marketinq.az\/wp-content\/uploads\/2025\/03\/B2B2C-Model-Example-1536x864.png 1536w, https:\/\/360marketinq.az\/wp-content\/uploads\/2025\/03\/B2B2C-Model-Example-18x10.png 18w\" sizes=\"(max-width: 1920px) 100vw, 1920px\" \/><\/a>\r\n        <\/div><!-- Featured Image -->\r\n<!-- Entry Date -->\r\n<div class=\"entry-date\">\r\n\t<!-- <i class=\"wdticon-calendar\"> <\/i> -->\r\n\t05 March 2025<\/div><!-- Entry Date -->\r\n<!-- Entry Title -->\r\n<div class=\"entry-title\">\r\n\t<h4>    \t<a href=\"https:\/\/360marketinq.az\/en\/b2b-ve-b2c-marketinq-ferqler-nelerdir\/\" title=\"Permalink to B2B v\u0259 B2C Marketinq: F\u0259rql\u0259r n\u0259l\u0259rdir?\">B2B and B2C Marketing: What are the differences?<\/a>\r\n\t<\/h4>\r\n<\/div><!-- Entry Title -->\r\n\t<div class=\"entry-body\"><p>What is B2B and B2C? B2B (Business-to-Business) \u2013 Businesses sell products or services to other businesses...<\/p><\/div>\r\n<\/article><\/div><div class=\"entry-grid-layout wdt-bordered-style wdt-scalein-hover wdt-default-overlay alignnone column wdt-one-half wdt-post-entry\"><article id=\"post-2337\" class=\"post-2337 post type-post status-publish format-standard has-post-thumbnail hentry category-growth-hacking tag-marketinqbloq blog-entry\">\r\n\r\n\r\n\t<!-- Featured Image -->\r\n\t<div class=\"entry-thumb\">\r\n\t\t\r\n<a href=\"https:\/\/360marketinq.az\/en\/growth-hacking-nedir\/\" title=\"Permalink to Growth Hacking n\u0259dir v\u0259 biznesinizi nec\u0259 inki\u015faf etdir\u0259 bil\u0259r?\"><img decoding=\"async\" width=\"1920\" height=\"1080\" src=\"https:\/\/360marketinq.az\/wp-content\/uploads\/2025\/03\/growthHacking-1.png\" class=\"attachment-wdt-blog-ii-column size-wdt-blog-ii-column wp-post-image\" alt=\"growth hacking strategiyalar\u0131\" srcset=\"https:\/\/360marketinq.az\/wp-content\/uploads\/2025\/03\/growthHacking-1.png 1920w, https:\/\/360marketinq.az\/wp-content\/uploads\/2025\/03\/growthHacking-1-300x169.png 300w, https:\/\/360marketinq.az\/wp-content\/uploads\/2025\/03\/growthHacking-1-1024x576.png 1024w, https:\/\/360marketinq.az\/wp-content\/uploads\/2025\/03\/growthHacking-1-768x432.png 768w, https:\/\/360marketinq.az\/wp-content\/uploads\/2025\/03\/growthHacking-1-1536x864.png 1536w, https:\/\/360marketinq.az\/wp-content\/uploads\/2025\/03\/growthHacking-1-18x10.png 18w\" sizes=\"(max-width: 1920px) 100vw, 1920px\" \/><\/a>\r\n        <\/div><!-- Featured Image -->\r\n<!-- Entry Date -->\r\n<div class=\"entry-date\">\r\n\t<!-- <i class=\"wdticon-calendar\"> <\/i> -->\r\n\t05 March 2025<\/div><!-- Entry Date -->\r\n<!-- Entry Title -->\r\n<div class=\"entry-title\">\r\n\t<h4>    \t<a href=\"https:\/\/360marketinq.az\/en\/growth-hacking-nedir\/\" title=\"Permalink to Growth Hacking n\u0259dir v\u0259 biznesinizi nec\u0259 inki\u015faf etdir\u0259 bil\u0259r?\">What is Growth Hacking and how can it grow your business?<\/a>\r\n\t<\/h4>\r\n<\/div><!-- Entry Title -->\r\n\t<div class=\"entry-body\"><p>Growth Hacking n\u0259dir? Growth hacking, \u0259sas m\u0259qs\u0259di minimum resurslarla maksimum b\u00f6y\u00fcm\u0259 \u0259ld\u0259 etm\u0259k olan...<\/p><\/div>\r\n<\/article><\/div><div class=\"entry-grid-layout wdt-bordered-style wdt-scalein-hover wdt-default-overlay alignnone column wdt-one-half wdt-post-entry\"><article id=\"post-2254\" class=\"post-2254 post type-post status-publish format-standard has-post-thumbnail hentry category-kpi blog-entry\">\r\n\r\n\r\n\t<!-- Featured Image -->\r\n\t<div class=\"entry-thumb\">\r\n\t\t\r\n<a href=\"https:\/\/360marketinq.az\/en\/kpi-nedir-ve-hansi-gostericiler-onemlidir\/\" title=\"Permalink to KPI n\u0259dir v\u0259 hans\u0131 g\u00f6st\u0259ricil\u0259r \u00f6n\u0259mlidir?\"><img loading=\"lazy\" decoding=\"async\" width=\"1600\" height=\"911\" src=\"https:\/\/360marketinq.az\/wp-content\/uploads\/2025\/02\/social-media-kpis-1-2.jpg\" class=\"attachment-wdt-blog-ii-column size-wdt-blog-ii-column wp-post-image\" alt=\"KPI n\u0259dir v\u0259 hans\u0131 g\u00f6st\u0259ricil\u0259r \u00f6n\u0259mlidir?\" srcset=\"https:\/\/360marketinq.az\/wp-content\/uploads\/2025\/02\/social-media-kpis-1-2.jpg 1600w, https:\/\/360marketinq.az\/wp-content\/uploads\/2025\/02\/social-media-kpis-1-2-300x171.jpg 300w, https:\/\/360marketinq.az\/wp-content\/uploads\/2025\/02\/social-media-kpis-1-2-1024x583.jpg 1024w, https:\/\/360marketinq.az\/wp-content\/uploads\/2025\/02\/social-media-kpis-1-2-768x437.jpg 768w, https:\/\/360marketinq.az\/wp-content\/uploads\/2025\/02\/social-media-kpis-1-2-1536x875.jpg 1536w, https:\/\/360marketinq.az\/wp-content\/uploads\/2025\/02\/social-media-kpis-1-2-18x10.jpg 18w\" sizes=\"(max-width: 1600px) 100vw, 1600px\" \/><\/a>\r\n        <\/div><!-- Featured Image -->\r\n<!-- Entry Date -->\r\n<div class=\"entry-date\">\r\n\t<!-- <i class=\"wdticon-calendar\"> <\/i> -->\r\n\t25 February 2025<\/div><!-- Entry Date -->\r\n<!-- Entry Title -->\r\n<div class=\"entry-title\">\r\n\t<h4>    \t<a href=\"https:\/\/360marketinq.az\/en\/kpi-nedir-ve-hansi-gostericiler-onemlidir\/\" title=\"Permalink to KPI n\u0259dir v\u0259 hans\u0131 g\u00f6st\u0259ricil\u0259r \u00f6n\u0259mlidir?\">What is KPI and which indicators are important?<\/a>\r\n\t<\/h4>\r\n<\/div><!-- Entry Title -->\r\n\t<div class=\"entry-body\"><p>What is KPI? KPI (Key Performance Indicator) \u2014 translated from English means \u201cKey Performance Indicator\u201d. This is a digital...<\/p><\/div>\r\n<\/article><\/div><\/div><div class=\"pagination blog-pagination\"><div class=\"column one pager_wrapper\"><ul class='page-numbers'>\n\t<li><span aria-current=\"page\" class=\"page-numbers current\">01<\/span><\/li>\n\t<li><a class=\"page-numbers\" href=\"https:\/\/360marketinq.az\/en\/wp-json\/wp\/v2\/pages\/257\/page\/2\/\">02<\/a><\/li>\n\t<li><a class=\"page-numbers\" href=\"https:\/\/360marketinq.az\/en\/wp-json\/wp\/v2\/pages\/257\/page\/3\/\">03<\/a><\/li>\n\t<li><span class=\"page-numbers dots\">&hellip;<\/span><\/li>\n\t<li><a class=\"page-numbers\" href=\"https:\/\/360marketinq.az\/en\/wp-json\/wp\/v2\/pages\/257\/page\/5\/\">05<\/a><\/li>\n\t<li><a class=\"next page-numbers\" href=\"https:\/\/360marketinq.az\/en\/wp-json\/wp\/v2\/pages\/257\/page\/2\/\">Next<span><i class=\"fa fa-circle\" aria-hidden=\"true\"><\/i><\/span><\/a><\/li>\n<\/ul>\n<\/div>\n<\/div><\/div>\t\t\t\t<\/div>\n\t\t\t\t<\/div>\n\t\t\t\t\t<\/div>\n\t\t<\/div>\n\t\t\t\t\t<\/div>\n\t\t<\/section>\n\t\t\t\t\t<\/div>\n\t\t<\/div>\n\t\t\t\t\t<\/div>\n\t\t<\/section>\n\t\t\t\t<\/div>","protected":false},"excerpt":{"rendered":"<p>30 \u0130yul 2025 SMM xidm\u0259ti n\u0259dir? SMM \u015firk\u0259tini nec\u0259 se\u00e7m\u0259liy\u0259m? SMM xidm\u0259ti n\u0259dir? SMM \u015firk\u0259tl\u0259rinin i\u015fi n\u0259d\u0259n ibar\u0259tdir? SMM xdim\u0259ti. SMM agentlikl\u0259tinin f\u0259aliyy\u0259ti. Sahibkarlar\u0131n&#8230; 05 Mart 2025 B2B v\u0259 B2C Marketinq: F\u0259rql\u0259r n\u0259l\u0259rdir? B2B v\u0259 B2C n\u0259dir? B2B (Business-to-Business) \u2013 Biznesl\u0259rin dig\u0259r biznesl\u0259r\u0259 m\u0259hsul v\u0259 ya xidm\u0259t&#8230; 05 Mart 2025 Growth Hacking n\u0259dir v\u0259 biznesinizi [&hellip;]<\/p>","protected":false},"author":1,"featured_media":0,"parent":0,"menu_order":0,"comment_status":"closed","ping_status":"closed","template":"","meta":{"footnotes":""},"class_list":["post-257","page","type-page","status-publish","hentry","blog-entry","format-standard"],"_links":{"self":[{"href":"https:\/\/360marketinq.az\/en\/wp-json\/wp\/v2\/pages\/257","targetHints":{"allow":["GET"]}}],"collection":[{"href":"https:\/\/360marketinq.az\/en\/wp-json\/wp\/v2\/pages"}],"about":[{"href":"https:\/\/360marketinq.az\/en\/wp-json\/wp\/v2\/types\/page"}],"author":[{"embeddable":true,"href":"https:\/\/360marketinq.az\/en\/wp-json\/wp\/v2\/users\/1"}],"replies":[{"embeddable":true,"href":"https:\/\/360marketinq.az\/en\/wp-json\/wp\/v2\/comments?post=257"}],"version-history":[{"count":6,"href":"https:\/\/360marketinq.az\/en\/wp-json\/wp\/v2\/pages\/257\/revisions"}],"predecessor-version":[{"id":3537,"href":"https:\/\/360marketinq.az\/en\/wp-json\/wp\/v2\/pages\/257\/revisions\/3537"}],"wp:attachment":[{"href":"https:\/\/360marketinq.az\/en\/wp-json\/wp\/v2\/media?parent=257"}],"curies":[{"name":"wp","href":"https:\/\/api.w.org\/{rel}","templated":true}]}}