{"id":2878,"date":"2025-07-31T16:16:49","date_gmt":"2025-07-31T16:16:49","guid":{"rendered":"https:\/\/360marketinq.az\/?page_id=2878"},"modified":"2025-08-24T19:10:45","modified_gmt":"2025-08-24T19:10:45","slug":"mobil-reel-cekilis","status":"publish","type":"page","link":"https:\/\/360marketinq.az\/en\/mobil-reel-cekilis\/","title":{"rendered":"Mobile reel shooting"},"content":{"rendered":"<h1 data-start=\"264\" data-end=\"295\">Mobile video recording service<\/h1>\n<p data-start=\"297\" data-end=\"647\">If you want to stand out on social media, <strong data-start=\"339\" data-end=\"363\">mobile Reels shooting<\/strong> is an indispensable tool for you. In today's digital age, short, dynamic, and creative videos play a key role in capturing the attention of viewers. The Reels format \u2014 especially on platforms like Instagram, TikTok, and Facebook \u2014 allows your brand to reach a wider audience.<\/p>\n<p data-start=\"649\" data-end=\"947\">As 360 Marketing, we offer you <strong data-start=\"675\" data-end=\"720\">professional Reels shooting with mobile phones<\/strong> We offer a service. Yes, this is filmed on a phone \u2014 but it is not an ordinary shoot in terms of quality, script, framing, and editing. Because our goal is to turn you into a brand that is \u201cstopped and looked at,\u201d not \u201cswiped over\u201d on the screen.<\/p>\n<hr data-start=\"949\" data-end=\"952\" \/>\n<h2 data-start=\"954\" data-end=\"993\">What are Mobile Reels and why are they important?<\/h2>\n<p data-start=\"995\" data-end=\"1236\"><strong data-start=\"995\" data-end=\"1004\">Reels<\/strong> \u2014 A video format lasting from 15 to 90 seconds, accompanied by rapid frame transitions, music, and effects. It both immediately captures the attention of users and creates high viewing opportunities from an algorithmic perspective.<\/p>\n<p data-start=\"1238\" data-end=\"1455\">Mobile Reels videos are shot quickly and easily with a smartphone, without the need for a professional camera. We take advantage of this convenience <strong data-start=\"1355\" data-end=\"1370\">creativity<\/strong>, <strong data-start=\"1372\" data-end=\"1383\">concept<\/strong>, <strong data-start=\"1385\" data-end=\"1403\">visual aesthetic<\/strong> and <strong data-start=\"1407\" data-end=\"1440\">with social media algorithms<\/strong> we combine.<\/p>\n<hr data-start=\"1457\" data-end=\"1460\" \/>\n<h2 data-start=\"1462\" data-end=\"1487\">Who is it suitable for?<\/h2>\n<ul data-start=\"1489\" data-end=\"1730\">\n<li data-start=\"1489\" data-end=\"1525\">\n<p data-start=\"1491\" data-end=\"1525\"><strong data-start=\"1491\" data-end=\"1525\">Entrepreneurs and small businesses<\/strong><\/p>\n<\/li>\n<li data-start=\"1526\" data-end=\"1555\">\n<p data-start=\"1528\" data-end=\"1555\"><strong data-start=\"1528\" data-end=\"1555\">Influencers and bloggers<\/strong><\/p>\n<\/li>\n<li data-start=\"1556\" data-end=\"1589\">\n<p data-start=\"1558\" data-end=\"1589\"><strong data-start=\"1558\" data-end=\"1589\">Restaurants, salons and boutiques<\/strong><\/p>\n<\/li>\n<li data-start=\"1590\" data-end=\"1625\">\n<p data-start=\"1592\" data-end=\"1625\"><strong data-start=\"1592\" data-end=\"1625\">Trainers and course leaders<\/strong><\/p>\n<\/li>\n<li data-start=\"1626\" data-end=\"1681\">\n<p data-start=\"1628\" data-end=\"1681\"><strong data-start=\"1628\" data-end=\"1681\">Active content creators for TikTok and Instagram<\/strong><\/p>\n<\/li>\n<li data-start=\"1682\" data-end=\"1730\">\n<p data-start=\"1684\" data-end=\"1730\"><strong data-start=\"1684\" data-end=\"1730\">Those introducing a new product or campaign<\/strong><\/p>\n<\/li>\n<\/ul>\n<hr data-start=\"1732\" data-end=\"1735\" \/>\n<h2 data-start=\"1737\" data-end=\"1758\">The service includes:<\/h2>\n<h4 data-start=\"1760\" data-end=\"1814\">\ud83d\udcf1 High quality shooting with mobile equipment<\/h4>\n<p data-start=\"1815\" data-end=\"1914\">Shooting in 4K quality with high-performance devices such as the iPhone 15 Pro and Samsung Galaxy S24 Ultra.<\/p>\n<h4 data-start=\"1916\" data-end=\"1957\">\u270d\ufe0f Script and storyboard preparation<\/h4>\n<p data-start=\"1958\" data-end=\"2039\">The idea, the flow, the message, and every second of the video are planned in advance.<\/p>\n<h4 data-start=\"2041\" data-end=\"2079\">\ud83c\udfac Reels format editing<\/h4>\n<p data-start=\"2080\" data-end=\"2209\">Kadraj ke\u00e7idl\u0259ri, yaz\u0131 overlay-l\u0259r, musiqi se\u00e7imi v\u0259 ritm\u0259 uy\u011fun k\u0259sm\u0259 \u2014 b\u00fct\u00fcn montaj sosial platformalar \u00fc\u00e7\u00fcn optimalla\u015fd\u0131r\u0131l\u0131r.<\/p>\n<h4 data-start=\"2211\" data-end=\"2256\">\ud83c\udfaf Algorithm-driven content planning<\/h4>\n<p data-start=\"2257\" data-end=\"2394\">Trending music, title and hashtag strategy, opening shot, and video length are taken into account to get more views for your Reels video.<\/p>\n<h4 data-start=\"2396\" data-end=\"2436\">\ud83d\udccdOn-site or studio shooting<\/h4>\n<p data-start=\"2437\" data-end=\"2531\">Upon request, we organize the shoot at your location or at a specially prepared location.<\/p>\n<h2 data-start=\"2538\" data-end=\"2575\"><img fetchpriority=\"high\" decoding=\"async\" class=\"alignnone wp-image-3193 size-full\" title=\"mobil reel\" src=\"https:\/\/360marketinq.az\/wp-content\/uploads\/2025\/08\/smm-xidm\u0259ti-15.png\" alt=\"mobil reel\" width=\"1024\" height=\"576\" srcset=\"https:\/\/360marketinq.az\/wp-content\/uploads\/2025\/08\/smm-xidm\u0259ti-15.png 1024w, https:\/\/360marketinq.az\/wp-content\/uploads\/2025\/08\/smm-xidm\u0259ti-15-300x169.png 300w, https:\/\/360marketinq.az\/wp-content\/uploads\/2025\/08\/smm-xidm\u0259ti-15-768x432.png 768w, https:\/\/360marketinq.az\/wp-content\/uploads\/2025\/08\/smm-xidm\u0259ti-15-18x10.png 18w\" sizes=\"(max-width: 1024px) 100vw, 1024px\" \/><\/h2>\n<h2 data-start=\"2538\" data-end=\"2575\">Sample Reels shooting formats:<\/h2>\n<ul data-start=\"2577\" data-end=\"2887\">\n<li data-start=\"2577\" data-end=\"2608\">\n<p data-start=\"2579\" data-end=\"2608\">\"Before \/ After\" visuals<\/p>\n<\/li>\n<li data-start=\"2609\" data-end=\"2641\">\n<p data-start=\"2611\" data-end=\"2641\">Product description and use<\/p>\n<\/li>\n<li data-start=\"2642\" data-end=\"2694\">\n<p data-start=\"2644\" data-end=\"2694\">Educational video in 5 reasons \/ 3 tips format<\/p>\n<\/li>\n<li data-start=\"2695\" data-end=\"2729\">\n<p data-start=\"2697\" data-end=\"2729\">Team presentation and office tour<\/p>\n<\/li>\n<li data-start=\"2730\" data-end=\"2769\">\n<p data-start=\"2732\" data-end=\"2769\">Explanation of the service process in 15 seconds<\/p>\n<\/li>\n<li data-start=\"2770\" data-end=\"2797\">\n<p data-start=\"2772\" data-end=\"2797\">Brief highlights from the event<\/p>\n<\/li>\n<li data-start=\"2798\" data-end=\"2835\">\n<p data-start=\"2800\" data-end=\"2835\">Testimonials or customer reviews<\/p>\n<\/li>\n<li data-start=\"2836\" data-end=\"2887\">\n<p data-start=\"2838\" data-end=\"2887\">\u201cDay in the life\u201d and vlog-style brand storytelling<\/p>\n<\/li>\n<\/ul>\n<hr data-start=\"2889\" data-end=\"2892\" \/>\n<h2 data-start=\"2894\" data-end=\"2921\">Why should you choose us?<\/h2>\n<p data-start=\"2923\" data-end=\"3085\">\u2705 <strong data-start=\"2925\" data-end=\"2964\">Fast production \u2013 fast sharing<\/strong><br data-start=\"2964\" data-end=\"2967\" \/>Thanks to mobile filming, images captured can be edited and ready to share within the same day.<\/p>\n<p data-start=\"3087\" data-end=\"3256\">\u2705 <strong data-start=\"3089\" data-end=\"3118\">Experienced creative team<\/strong><br data-start=\"3118\" data-end=\"3121\" \/>Marketinq bilikl\u0259ri olan kontent yarad\u0131c\u0131lar\u0131m\u0131z sizi sad\u0259c\u0259 \u201cg\u00f6z\u0259l g\u00f6r\u00fcnt\u00fc\u201d il\u0259 yox, <strong data-start=\"3207\" data-end=\"3243\">m\u0259qs\u0259dli v\u0259 \u00e7a\u011f\u0131r\u0131\u015fl\u0131 mesajlarla<\/strong> t\u0259qdim edir.<\/p>\n<p data-start=\"3258\" data-end=\"3438\">\u2705 <strong data-start=\"3260\" data-end=\"3282\">Mobile but professional<\/strong><br data-start=\"3282\" data-end=\"3285\" \/>Just because we don't have a camera doesn't mean it's of poor quality. With the lighting, framing, and editing level <strong data-start=\"3392\" data-end=\"3437\">mobil \u00e7\u0259kili\u015fi professional i\u015f\u0259 \u00e7eviririk<\/strong>.<\/p>\n<p data-start=\"3440\" data-end=\"3637\">\u2705 <strong data-start=\"3442\" data-end=\"3471\">100% social media compatible<\/strong><br data-start=\"3471\" data-end=\"3474\" \/>When shooting Reels, all aspects \u2013 trending music, hook, CTA (call-to-action), and cover photo \u2013 are planned according to the Instagram and TikTok algorithm.<\/p>\n<hr data-start=\"4065\" data-end=\"4068\" \/>\n<h2 data-start=\"4070\" data-end=\"4102\">Frequently Asked Questions (FAQ)<\/h2>\n<p data-start=\"4104\" data-end=\"4252\"><strong data-start=\"4104\" data-end=\"4138\">1. How many days does it take to make a video?<\/strong><br data-start=\"4138\" data-end=\"4141\" \/>The simplest Reels videos are edited within 1-2 business days. More complex projects can take 3-5 days.<\/p>\n<p data-start=\"4254\" data-end=\"4397\"><strong data-start=\"4254\" data-end=\"4307\">2. Do you prepare a separate script for each video?<\/strong><br data-start=\"4307\" data-end=\"4310\" \/>Yes. A creative approach and a short script are developed for each Reels shoot, tailored to the purpose.<\/p>\n<p data-start=\"4399\" data-end=\"4517\"><strong data-start=\"4399\" data-end=\"4426\">3. Where is the filming taking place?<\/strong><br data-start=\"4426\" data-end=\"4429\" \/>At your office, store, or at our chosen filming locations, as desired.<\/p>\n<p data-start=\"4519\" data-end=\"4713\"><strong data-start=\"4519\" data-end=\"4578\">4. Does the video taken with a mobile phone look good?<\/strong><br data-start=\"4578\" data-end=\"4581\" \/>Of course! With the right lighting, proper framing, and professional editing, mobile-shot videos are a perfect fit for social media.<\/p>\n<hr data-start=\"4715\" data-end=\"4718\" \/>\n<p>Order now!<\/p>\n<p data-start=\"4745\" data-end=\"4894\">Let's bring your brand to the screen and stop viewers' fingers! <strong data-start=\"4810\" data-end=\"4834\">Mobile Reels shooting<\/strong> Make your promotion different and attractive with our service.<\/p>\n<p data-start=\"4410\" data-end=\"4506\" data-rm-block-id=\"block-76\">\ud83d\udcde\u00a0+994(70)9941804<br data-start=\"4438\" data-end=\"4441\" \/>\ud83d\udce9 info@360marketinginq.az<\/p>\n<p data-start=\"4410\" data-end=\"4506\" data-rm-block-id=\"block-77\"><a href=\"https:\/\/360marketinq.az\/video-360\/\">Portfolio<\/a><\/p>\n<p data-start=\"4410\" data-end=\"4506\" data-rm-block-id=\"block-78\"><a href=\"https:\/\/www.instagram.com\/360marketinq\/\" target=\"_blank\" rel=\"noopener\">Our Instagram account<\/a><\/p>\n<p data-start=\"4410\" data-end=\"4506\" data-rm-block-id=\"block-79\"><a href=\"https:\/\/www.facebook.com\/360marketinq\" target=\"_blank\" rel=\"noopener\">Our Facebook account<\/a><\/p>\n<p data-start=\"4999\" data-end=\"5217\" data-is-last-node=\"\" data-is-only-node=\"\">","protected":false},"excerpt":{"rendered":"<p>Mobil reel \u00e7\u0259kili\u015f xidm\u0259ti Sosial mediada f\u0259rql\u0259nm\u0259k ist\u0259yirsinizs\u0259, mobil Reels \u00e7\u0259kili\u015fi sizin \u00fc\u00e7\u00fcn \u0259v\u0259zolunmaz vasit\u0259dir. Bug\u00fcnk\u00fc r\u0259q\u0259msal d\u00f6vrd\u0259 izl\u0259yicil\u0259rin diqq\u0259tini c\u0259ml\u0259m\u0259k \u00fc\u00e7\u00fcn q\u0131sa, dinamik v\u0259 kreativ videolar \u0259sas rola malikdir. Reels format\u0131 \u2014 x\u00fcsusil\u0259 Instagram, TikTok v\u0259 Facebook platformalar\u0131nda \u2014 markan\u0131z\u0131n daha geni\u015f auditoriyaya \u00e7atmas\u0131na imkan yarad\u0131r. 360 Marketinq olaraq siz\u0259 mobil telefonlarla pe\u015f\u0259kar Reels [&hellip;]<\/p>","protected":false},"author":2,"featured_media":3457,"parent":0,"menu_order":0,"comment_status":"closed","ping_status":"closed","template":"","meta":{"footnotes":""},"class_list":["post-2878","page","type-page","status-publish","has-post-thumbnail","hentry"],"_links":{"self":[{"href":"https:\/\/360marketinq.az\/en\/wp-json\/wp\/v2\/pages\/2878","targetHints":{"allow":["GET"]}}],"collection":[{"href":"https:\/\/360marketinq.az\/en\/wp-json\/wp\/v2\/pages"}],"about":[{"href":"https:\/\/360marketinq.az\/en\/wp-json\/wp\/v2\/types\/page"}],"author":[{"embeddable":true,"href":"https:\/\/360marketinq.az\/en\/wp-json\/wp\/v2\/users\/2"}],"replies":[{"embeddable":true,"href":"https:\/\/360marketinq.az\/en\/wp-json\/wp\/v2\/comments?post=2878"}],"version-history":[{"count":0,"href":"https:\/\/360marketinq.az\/en\/wp-json\/wp\/v2\/pages\/2878\/revisions"}],"wp:featuredmedia":[{"embeddable":true,"href":"https:\/\/360marketinq.az\/en\/wp-json\/wp\/v2\/media\/3457"}],"wp:attachment":[{"href":"https:\/\/360marketinq.az\/en\/wp-json\/wp\/v2\/media?parent=2878"}],"curies":[{"name":"wp","href":"https:\/\/api.w.org\/{rel}","templated":true}]}}