{"id":2881,"date":"2025-07-31T16:53:29","date_gmt":"2025-07-31T16:53:29","guid":{"rendered":"https:\/\/360marketinq.az\/?page_id=2881"},"modified":"2025-08-24T19:10:57","modified_gmt":"2025-08-24T19:10:57","slug":"motion-dizayn-xidmeti","status":"publish","type":"page","link":"https:\/\/360marketinq.az\/en\/motion-dizayn-xidmeti\/","title":{"rendered":"Motion design preparation"},"content":{"rendered":"<h2 data-start=\"273\" data-end=\"310\">Motion Design Development Service<\/h2>\n<p data-start=\"312\" data-end=\"713\">If you want to add movement to your visual story and present your brand in a memorable and dynamic way, <strong data-start=\"416\" data-end=\"454\">motion design preparation service<\/strong> is for you. Static images are no longer enough \u2013 moving visuals are essential to attract attention in today\u2019s digital world. Motion design is a visual tool that combines your brand message with animation to capture the viewer\u2019s attention in seconds.<\/p>\n<p data-start=\"715\" data-end=\"1001\">As the 360 \u200b\u200bMarketing team, we would like to <strong data-start=\"751\" data-end=\"793\">professional motion design preparation<\/strong> We provide services. We create animated designs in various formats, including micro animations for social media, TV or YouTube commercials, and corporate presentations and intro videos.<\/p>\n<hr data-start=\"1003\" data-end=\"1006\" \/>\n<h3 data-start=\"1008\" data-end=\"1032\">What is motion design?<\/h3>\n<p data-start=\"1034\" data-end=\"1389\"><strong data-start=\"1034\" data-end=\"1051\">Motion Design<\/strong> \u2014 is moving visual content created by combining graphics with animation. Text, logos, images, and illustrations are brought to life through animation, creating both information and emotion in the viewer. Motion design enhances visual explanation, simplifies complex ideas, and stays in visual memory longer.<\/p>\n<hr data-start=\"1391\" data-end=\"1394\" \/>\n<h3 data-start=\"1396\" data-end=\"1446\">In what cases do you need motion design?<\/h3>\n<ul data-start=\"1448\" data-end=\"1966\">\n<li data-start=\"1448\" data-end=\"1548\">\n<p data-start=\"1450\" data-end=\"1548\"><strong data-start=\"1450\" data-end=\"1489\">For social media posts and ads<\/strong> (dynamic slogans, campaign announcements, product promotion)<\/p>\n<\/li>\n<li data-start=\"1549\" data-end=\"1623\">\n<p data-start=\"1551\" data-end=\"1623\"><strong data-start=\"1551\" data-end=\"1571\">Logo animation<\/strong> (to bring your brand's visual signature into action)<\/p>\n<\/li>\n<li data-start=\"1624\" data-end=\"1702\">\n<p data-start=\"1626\" data-end=\"1702\"><strong data-start=\"1626\" data-end=\"1654\">Intro v\u0259 outro videolar\u0131<\/strong> (For YouTube, presentation and corporate videos)<\/p>\n<\/li>\n<li data-start=\"1703\" data-end=\"1785\">\n<p data-start=\"1705\" data-end=\"1785\"><strong data-start=\"1705\" data-end=\"1728\">UI\/UX animations<\/strong> (for use in website and mobile app prototypes)<\/p>\n<\/li>\n<li data-start=\"1786\" data-end=\"1873\">\n<p data-start=\"1788\" data-end=\"1873\"><strong data-start=\"1788\" data-end=\"1815\">Infographic animations<\/strong> (to explain information visually and in a clear way)<\/p>\n<\/li>\n<li data-start=\"1874\" data-end=\"1966\">\n<p data-start=\"1876\" data-end=\"1966\"><strong data-start=\"1876\" data-end=\"1914\">Product or service explanation videos<\/strong> (to explain complex information in a concise form)<\/p>\n<\/li>\n<\/ul>\n<hr data-start=\"1968\" data-end=\"1971\" \/>\n<h3 data-start=\"1973\" data-end=\"1994\">The service includes:<\/h3>\n<h4 data-start=\"1996\" data-end=\"2034\">\ud83c\udfa8 Creative concept preparation<\/h4>\n<p data-start=\"2035\" data-end=\"2136\">A unique animation concept is developed that reflects your brand's visual identity and purpose and message.<\/p>\n<h4 data-start=\"2138\" data-end=\"2179\">\ud83d\udcdd Script and storyboard creation<\/h4>\n<p data-start=\"2180\" data-end=\"2311\">The flow of the motion design and the sequence of messages are scripted in advance. Texts for voice-over are also prepared upon request.<\/p>\n<h4 data-start=\"2313\" data-end=\"2358\">\ud83d\udda5\ufe0f Motion design and animation process<\/h4>\n<p data-start=\"2359\" data-end=\"2456\">Designs are animated using After Effects, Premiere Pro, or other professional programs.<\/p>\n<h4 data-start=\"2458\" data-end=\"2503\">\ud83d\udd0a Music and voiceover integration<\/h4>\n<p data-start=\"2504\" data-end=\"2585\">Background music, sound effects, or voiceovers are added as desired.<\/p>\n<h4 data-start=\"2587\" data-end=\"2629\">\ud83d\udcd0 Format and size customization<\/h4>\n<p data-start=\"2630\" data-end=\"2767\">Videos are adapted to the platforms (Instagram, Facebook, YouTube, TikTok, web banner, etc.): 1:1, 9:16, 16:9, 4:5, etc.<\/p>\n<hr data-start=\"2769\" data-end=\"2772\" \/>\n<h3 data-start=\"2774\" data-end=\"2828\">Videos are adapted to the platforms (Instagram, Facebook, YouTube, TikTok, web banner, etc.): 1:1, 9:16, 16:9, 4:5, etc.<\/h3>\n<p data-start=\"2830\" data-end=\"2948\">\u2705 <strong data-start=\"2832\" data-end=\"2874\">Creative and experienced design team<\/strong> \u2013 A team with experience in both marketing and visual arts.<\/p>\n<p data-start=\"2950\" data-end=\"3068\">\u2705 <strong data-start=\"2952\" data-end=\"2986\">Brand-tailored design<\/strong> Brand-tailored design<\/p>\n<p data-start=\"3070\" data-end=\"3197\">\u2705 <strong data-start=\"3072\" data-end=\"3099\">Algorithm-oriented solutions<\/strong> \u2013 We provide animation solutions that will drive performance on social media and advertising platforms.<\/p>\n<p data-start=\"3199\" data-end=\"3334\">\u2705 <strong data-start=\"3201\" data-end=\"3234\">Fast execution and flexible approach<\/strong> \u2013 Ability to quickly and efficiently create visuals from graphic elements without the need for drawing.<\/p>\n<p data-start=\"3336\" data-end=\"3449\">\u2705 <strong data-start=\"3338\" data-end=\"3373\">Affordable pricing and packaging<\/strong> \u2013 Different pricing packages are available depending on the size and type of project.<\/p>\n<p><img fetchpriority=\"high\" decoding=\"async\" class=\"alignnone wp-image-3198 size-full\" title=\"motion dizayn\" src=\"https:\/\/360marketinq.az\/wp-content\/uploads\/2025\/08\/smm-xidm\u0259ti-16.png\" alt=\"motion dizayn\" width=\"1024\" height=\"576\" srcset=\"https:\/\/360marketinq.az\/wp-content\/uploads\/2025\/08\/smm-xidm\u0259ti-16.png 1024w, https:\/\/360marketinq.az\/wp-content\/uploads\/2025\/08\/smm-xidm\u0259ti-16-300x169.png 300w, https:\/\/360marketinq.az\/wp-content\/uploads\/2025\/08\/smm-xidm\u0259ti-16-768x432.png 768w, https:\/\/360marketinq.az\/wp-content\/uploads\/2025\/08\/smm-xidm\u0259ti-16-18x10.png 18w\" sizes=\"(max-width: 1024px) 100vw, 1024px\" \/><\/p>\n<h3 data-start=\"3930\" data-end=\"3958\">Frequently asked questions:<\/h3>\n<p data-start=\"3960\" data-end=\"4080\"><strong data-start=\"3960\" data-end=\"4001\">1. How many days does it take to prepare a motion video?<\/strong><br data-start=\"4001\" data-end=\"4004\" \/>Simple animations are completed in 2-3 days, while complex projects take 5-7 business days.<\/p>\n<p data-start=\"4082\" data-end=\"4211\"><strong data-start=\"4082\" data-end=\"4131\">2. What programs do you use?<\/strong><br data-start=\"4131\" data-end=\"4134\" \/>We mainly work with After Effects, Adobe Premiere, Illustrator, and Photoshop.<\/p>\n<p data-start=\"4213\" data-end=\"4339\"><strong data-start=\"4213\" data-end=\"4254\">3. Is a script written for every project?<\/strong><br data-start=\"4254\" data-end=\"4257\" \/>Yes. For motion design to be successful, a script and storyboard are first prepared.<\/p>\n<p data-start=\"4341\" data-end=\"4473\"><strong data-start=\"4341\" data-end=\"4379\">4. Who owns the usage rights?<\/strong><br data-start=\"4379\" data-end=\"4382\" \/>The rights to the completed work belong to the client and they can use it on any platform they want.<\/p>\n<hr data-start=\"4475\" data-end=\"4478\" \/>\n<h3 data-start=\"4480\" data-end=\"4503\">Order now!<\/h3>\n<p data-start=\"4505\" data-end=\"4699\">If you want to bring your brand's visual language to life, keep your audience's attention, and stand out on digital platforms, our <strong data-start=\"4643\" data-end=\"4687\">from our motion design preparation service<\/strong> take advantage.<\/p>\n<p data-start=\"4410\" data-end=\"4506\" data-rm-block-id=\"block-76\">\ud83d\udcde\u00a0+994(70)9941804<br data-start=\"4438\" data-end=\"4441\" \/>\ud83d\udce9 info@360marketinginq.az<\/p>\n<p data-start=\"4410\" data-end=\"4506\" data-rm-block-id=\"block-77\"><a href=\"https:\/\/360marketinq.az\/video-360\/\">Portfolio<\/a><\/p>\n<p data-start=\"4410\" data-end=\"4506\" data-rm-block-id=\"block-78\"><a href=\"https:\/\/www.instagram.com\/360marketinq\/\" target=\"_blank\" rel=\"noopener\">Our Instagram account<\/a><\/p>\n<p data-start=\"4410\" data-end=\"4506\" data-rm-block-id=\"block-79\"><a href=\"https:\/\/www.facebook.com\/360marketinq\" target=\"_blank\" rel=\"noopener\">Our Facebook account<\/a><\/p>","protected":false},"excerpt":{"rendered":"<p>Motion Dizayn Haz\u0131rlanmas\u0131 Xidm\u0259ti Vizual hekay\u0259niz\u0259 h\u0259r\u0259k\u0259t qatmaq, markan\u0131z\u0131 yadda qalan v\u0259 dinamik \u015f\u0259kild\u0259 t\u0259qdim etm\u0259k ist\u0259yirsinizs\u0259, motion dizayn haz\u0131rlanmas\u0131 xidm\u0259ti sizin \u00fc\u00e7\u00fcnd\u00fcr. Statik g\u00f6r\u00fcnt\u00fcl\u0259r art\u0131q kifay\u0259t deyil \u2013 bug\u00fcnk\u00fc r\u0259q\u0259msal d\u00fcnyada diqq\u0259t c\u0259lb etm\u0259k \u00fc\u00e7\u00fcn h\u0259r\u0259k\u0259tli vizuallar vacibdir. Motion dizayn \u2013 brend mesaj\u0131n\u0131z\u0131 animasiya il\u0259 birl\u0259\u015fdir\u0259r\u0259k izl\u0259yicinin diqq\u0259tini saniy\u0259l\u0259r i\u00e7ind\u0259 c\u0259lb ed\u0259n vizual al\u0259tdir. [&hellip;]<\/p>","protected":false},"author":2,"featured_media":3458,"parent":0,"menu_order":0,"comment_status":"closed","ping_status":"closed","template":"","meta":{"footnotes":""},"class_list":["post-2881","page","type-page","status-publish","has-post-thumbnail","hentry"],"_links":{"self":[{"href":"https:\/\/360marketinq.az\/en\/wp-json\/wp\/v2\/pages\/2881","targetHints":{"allow":["GET"]}}],"collection":[{"href":"https:\/\/360marketinq.az\/en\/wp-json\/wp\/v2\/pages"}],"about":[{"href":"https:\/\/360marketinq.az\/en\/wp-json\/wp\/v2\/types\/page"}],"author":[{"embeddable":true,"href":"https:\/\/360marketinq.az\/en\/wp-json\/wp\/v2\/users\/2"}],"replies":[{"embeddable":true,"href":"https:\/\/360marketinq.az\/en\/wp-json\/wp\/v2\/comments?post=2881"}],"version-history":[{"count":0,"href":"https:\/\/360marketinq.az\/en\/wp-json\/wp\/v2\/pages\/2881\/revisions"}],"wp:featuredmedia":[{"embeddable":true,"href":"https:\/\/360marketinq.az\/en\/wp-json\/wp\/v2\/media\/3458"}],"wp:attachment":[{"href":"https:\/\/360marketinq.az\/en\/wp-json\/wp\/v2\/media?parent=2881"}],"curies":[{"name":"wp","href":"https:\/\/api.w.org\/{rel}","templated":true}]}}