{"id":3156,"date":"2025-08-03T16:34:43","date_gmt":"2025-08-03T16:34:43","guid":{"rendered":"https:\/\/360marketinq.az\/?page_id=3156"},"modified":"2025-08-24T19:11:08","modified_gmt":"2025-08-24T19:11:08","slug":"veb-sayt-hazirlanmasi","status":"publish","type":"page","link":"https:\/\/360marketinq.az\/en\/veb-sayt-hazirlanmasi\/","title":{"rendered":"Website Development"},"content":{"rendered":"<h1 data-start=\"309\" data-end=\"360\">Website Service \u2013 The Beginning of Your Digital Success<\/h1>\n<p data-start=\"362\" data-end=\"635\">The first step to success in the digital world is having a strong website. Whether you want to build a personal brand, sell products, or showcase your corporate image, <strong data-start=\"556\" data-end=\"584\">professional website service<\/strong> It is the most important tool that will set you apart from your competitors.<\/p>\n<hr data-start=\"637\" data-end=\"640\" \/>\n<h2 data-start=\"642\" data-end=\"676\">Why is Website Service Important?<\/h2>\n<p data-start=\"678\" data-end=\"935\">In today's world, most of your potential customers are meeting you for the first time. <strong data-start=\"746\" data-end=\"768\">In a Google search<\/strong> finds. At this point, you need a fast, functional, and mobile-friendly site to welcome the user. At this point, <strong data-start=\"888\" data-end=\"917\">site preparation service<\/strong> plays a key role.<\/p>\n<p data-start=\"937\" data-end=\"1069\">A professional website is not just a showcase \u2013 it is your sales system, a mirror of your brand, and your 24\/7 digital representative.<\/p>\n<hr data-start=\"1071\" data-end=\"1074\" \/>\n<h2 data-start=\"1076\" data-end=\"1120\">What Does Our Website Service Offer?<\/h2>\n<p data-start=\"1122\" data-end=\"1242\">Biz <strong data-start=\"1126\" data-end=\"1143\">360 Marketing<\/strong> as follows: <strong data-start=\"1182\" data-end=\"1227\">full-package website development service<\/strong> we present:<\/p>\n<h3 data-start=\"1244\" data-end=\"1277\">1. Needs Analysis and Briefing<\/h3>\n<p data-start=\"1278\" data-end=\"1393\">Before starting work, he listens to you, understands your business goals, and works for you. <strong data-start=\"1362\" data-end=\"1378\">individual solutions<\/strong> we offer.<\/p>\n<h3 data-start=\"1395\" data-end=\"1423\">2. Structure and UX Design<\/h3>\n<p data-start=\"1424\" data-end=\"1532\">We build a user experience (UX)-based site structure. Visitors can navigate the site easily.<\/p>\n<h3 data-start=\"1534\" data-end=\"1560\">3. Visual and UI Design<\/h3>\n<p data-start=\"1561\" data-end=\"1701\"><strong data-start=\"1561\" data-end=\"1604\">Modern, mobile-friendly, and in line with your brand<\/strong> We create visual designs. We ensure a perfect look on both desktop and mobile devices.<\/p>\n<h3 data-start=\"1703\" data-end=\"1744\">4. Technical Structure and Programming<\/h3>\n<p data-start=\"1745\" data-end=\"1880\">We develop websites on WordPress, Laravel, Shopify, React and other platforms. The codes are written in a clean, fast and SEO-friendly way.<\/p>\n<h3 data-start=\"1882\" data-end=\"1907\">5. SEO Optimization<\/h3>\n<p data-start=\"1908\" data-end=\"2074\"><strong data-start=\"1908\" data-end=\"1942\">Google indexing of sites<\/strong>, adding meta tags, keyword integration, speed optimization, and mobile compatibility are included in our standard service.<\/p>\n<h3 data-start=\"2076\" data-end=\"2109\">6. Security and Backup<\/h3>\n<p data-start=\"2110\" data-end=\"2222\">We ensure your site is protected with an SSL certificate, security plugins, and regular backups.<\/p>\n<h3 data-start=\"2224\" data-end=\"2256\">7. Site Management Manual<\/h3>\n<p data-start=\"2257\" data-end=\"2366\">If you wish, we can provide you with a brief training on site management and teach you how to use the control panel.<\/p>\n<hr data-start=\"2368\" data-end=\"2371\" \/>\n<h2 data-start=\"2373\" data-end=\"2412\">Types of Website Development Services<\/h2>\n<p data-start=\"2414\" data-end=\"2478\">We are following <strong data-start=\"2428\" data-end=\"2463\">services by website types<\/strong> we offer:<\/p>\n<ul data-start=\"2480\" data-end=\"2909\">\n<li data-start=\"2480\" data-end=\"2551\">\n<p data-start=\"2482\" data-end=\"2551\"><strong data-start=\"2482\" data-end=\"2504\">Corporate sites<\/strong> \u2013 for the presentation of the company's image and services<\/p>\n<\/li>\n<li data-start=\"2552\" data-end=\"2629\">\n<p data-start=\"2554\" data-end=\"2629\"><strong data-start=\"2554\" data-end=\"2576\">E-commerce websites<\/strong> \u2013 fully functional online stores for selling products<\/p>\n<\/li>\n<li data-start=\"2630\" data-end=\"2704\">\n<p data-start=\"2632\" data-end=\"2704\"><strong data-start=\"2632\" data-end=\"2648\">Landing page<\/strong> \u2013 one-page sales-focused websites for campaigns<\/p>\n<\/li>\n<li data-start=\"2705\" data-end=\"2781\">\n<p data-start=\"2707\" data-end=\"2781\"><strong data-start=\"2707\" data-end=\"2727\">Portfolio sites<\/strong> \u2013 for photographers, designers, writers and creative individuals<\/p>\n<\/li>\n<li data-start=\"2782\" data-end=\"2835\">\n<p data-start=\"2784\" data-end=\"2835\"><strong data-start=\"2784\" data-end=\"2801\">Blog sites<\/strong> \u2013 for article-based platforms<\/p>\n<\/li>\n<li data-start=\"2836\" data-end=\"2909\">\n<p data-start=\"2838\" data-end=\"2909\"><strong data-start=\"2838\" data-end=\"2873\">Custom-made complex websites<\/strong> \u2013 with private functionality and systems<\/p>\n<\/li>\n<\/ul>\n<hr data-start=\"2911\" data-end=\"2914\" \/>\n<h2 data-start=\"2916\" data-end=\"2946\">How to make an SEO-oriented website?<\/h2>\n<p data-start=\"2948\" data-end=\"3123\">Many sites are being developed, but <strong data-start=\"2978\" data-end=\"3000\">not visible on Google<\/strong>.This is because SEO is not implemented correctly from the ground up. Our website service includes the following SEO elements:<\/p>\n<ul data-start=\"3125\" data-end=\"3371\">\n<li data-start=\"3125\" data-end=\"3163\">\n<p data-start=\"3127\" data-end=\"3163\"><strong data-start=\"3127\" data-end=\"3163\">Correct title and meta descriptions<\/strong><\/p>\n<\/li>\n<li data-start=\"3164\" data-end=\"3212\">\n<p data-start=\"3166\" data-end=\"3212\"><strong data-start=\"3166\" data-end=\"3212\">Keyword optimization for each page<\/strong><\/p>\n<\/li>\n<li data-start=\"3213\" data-end=\"3252\">\n<p data-start=\"3215\" data-end=\"3252\"><strong data-start=\"3215\" data-end=\"3252\">Fast loading (PageSpeed \u200b\u200b&gt; 90)<\/strong><\/p>\n<\/li>\n<li data-start=\"3253\" data-end=\"3292\">\n<p data-start=\"3255\" data-end=\"3292\"><strong data-start=\"3255\" data-end=\"3292\">Mobile-friendly design (Mobile First)<\/strong><\/p>\n<\/li>\n<li data-start=\"3293\" data-end=\"3324\">\n<p data-start=\"3295\" data-end=\"3324\"><strong data-start=\"3295\" data-end=\"3324\">Images with alt tags<\/strong><\/p>\n<\/li>\n<li data-start=\"3325\" data-end=\"3371\">\n<p data-start=\"3327\" data-end=\"3371\"><strong data-start=\"3327\" data-end=\"3371\">Schema and structured data<\/strong><\/p>\n<\/li>\n<\/ul>\n<p data-start=\"3373\" data-end=\"3450\">As a result of this approach, your site appears valuable and useful in the eyes of Google.<\/p>\n<hr data-start=\"3452\" data-end=\"3455\" \/>\n<h2 data-start=\"3457\" data-end=\"3488\"><img fetchpriority=\"high\" decoding=\"async\" class=\"alignnone wp-image-3157 size-full\" title=\"veb sayt\" src=\"https:\/\/360marketinq.az\/wp-content\/uploads\/2025\/08\/smm-xidm\u0259ti-6-1.png\" alt=\"veb sayt\" width=\"1024\" height=\"576\" srcset=\"https:\/\/360marketinq.az\/wp-content\/uploads\/2025\/08\/smm-xidm\u0259ti-6-1.png 1024w, https:\/\/360marketinq.az\/wp-content\/uploads\/2025\/08\/smm-xidm\u0259ti-6-1-300x169.png 300w, https:\/\/360marketinq.az\/wp-content\/uploads\/2025\/08\/smm-xidm\u0259ti-6-1-768x432.png 768w, https:\/\/360marketinq.az\/wp-content\/uploads\/2025\/08\/smm-xidm\u0259ti-6-1-18x10.png 18w\" sizes=\"(max-width: 1024px) 100vw, 1024px\" \/><\/h2>\n<h2 data-start=\"3457\" data-end=\"3488\">Website Development Prices<\/h2>\n<p data-start=\"3490\" data-end=\"3638\">The price of a website varies depending on its functionality, number of pages, and platform. However, in general, the following service packages are offered:<\/p>\n<div class=\"_tableContainer_16hzy_1\">\n<div class=\"_tableWrapper_16hzy_14 group flex w-fit flex-col-reverse\" tabindex=\"-1\">\n<table class=\"w-fit min-w-(--thread-content-width)\" data-start=\"3640\" data-end=\"3980\">\n<thead data-start=\"3640\" data-end=\"3678\">\n<tr data-start=\"3640\" data-end=\"3678\">\n<th data-start=\"3640\" data-end=\"3648\" data-col-size=\"sm\">Package<\/th>\n<th data-start=\"3648\" data-end=\"3658\" data-col-size=\"sm\">Description<\/th>\n<th data-start=\"3658\" data-end=\"3678\" data-col-size=\"sm\">Starting Price<\/th>\n<\/tr>\n<\/thead>\n<tbody data-start=\"3718\" data-end=\"3980\">\n<tr data-start=\"3718\" data-end=\"3783\">\n<td data-start=\"3718\" data-end=\"3738\" data-col-size=\"sm\">Simple landing page<\/td>\n<td data-col-size=\"sm\" data-start=\"3738\" data-end=\"3772\">1-page, form-fitting, SEO friendly<\/td>\n<td data-col-size=\"sm\" data-start=\"3772\" data-end=\"3783\">148 USD<\/td>\n<\/tr>\n<tr data-start=\"3784\" data-end=\"3844\">\n<td data-start=\"3784\" data-end=\"3802\" data-col-size=\"sm\">Corporate site<\/td>\n<td data-col-size=\"sm\" data-start=\"3802\" data-end=\"3833\">4\u20136 pages, admin panel, SEO<\/td>\n<td data-col-size=\"sm\" data-start=\"3833\" data-end=\"3844\">295 USD<\/td>\n<\/tr>\n<tr data-start=\"3845\" data-end=\"3907\">\n<td data-start=\"3845\" data-end=\"3863\" data-col-size=\"sm\">E-commerce website<\/td>\n<td data-col-size=\"sm\" data-start=\"3863\" data-end=\"3896\">Catalog, cart, payment system<\/td>\n<td data-col-size=\"sm\" data-start=\"3896\" data-end=\"3907\">530 USD<\/td>\n<\/tr>\n<tr data-start=\"3908\" data-end=\"3980\">\n<td data-start=\"3908\" data-end=\"3930\" data-col-size=\"sm\">Bespoke site<\/td>\n<td data-start=\"3930\" data-end=\"3960\" data-col-size=\"sm\">Special functions and modules<\/td>\n<td data-col-size=\"sm\" data-start=\"3960\" data-end=\"3980\">calculated individually<\/td>\n<\/tr>\n<\/tbody>\n<\/table>\n<div class=\"sticky end-(--thread-content-margin) h-0 self-end select-none\">\n<div class=\"absolute end-0 flex items-end\"><\/div>\n<\/div>\n<\/div>\n<\/div>\n<blockquote data-start=\"3982\" data-end=\"4094\">\n<p data-start=\"3984\" data-end=\"4094\">You can contact us for more detailed pricing: <a class=\"cursor-pointer\" rel=\"noopener\" data-start=\"4043\" data-end=\"4094\">info@360marketinq.az<\/a><\/p>\n<\/blockquote>\n<hr data-start=\"4096\" data-end=\"4099\" \/>\n<h2 data-start=\"4101\" data-end=\"4131\">Who Should Work With Us?<\/h2>\n<ul data-start=\"4133\" data-end=\"4383\">\n<li data-start=\"4133\" data-end=\"4186\">\n<p data-start=\"4135\" data-end=\"4186\">Entrepreneurs who want to present their brand online<\/p>\n<\/li>\n<li data-start=\"4187\" data-end=\"4236\">\n<p data-start=\"4189\" data-end=\"4236\">Businesses that have a website but don't appear on Google<\/p>\n<\/li>\n<li data-start=\"4237\" data-end=\"4270\">\n<p data-start=\"4239\" data-end=\"4270\">New startups and idea owners<\/p>\n<\/li>\n<li data-start=\"4271\" data-end=\"4315\">\n<p data-start=\"4273\" data-end=\"4315\">Those who want to build an online sales platform<\/p>\n<\/li>\n<li data-start=\"4316\" data-end=\"4383\">\n<p data-start=\"4318\" data-end=\"4383\">Those who do not have design and technical knowledge, but want a professional website<\/p>\n<\/li>\n<\/ul>\n<hr data-start=\"4385\" data-end=\"4388\" \/>\n<h2 data-start=\"4390\" data-end=\"4428\">We Build Result-Focused Websites<\/h2>\n<p data-start=\"4430\" data-end=\"4587\">We don't just build a website. Whether your goal is to increase sales, generate leads, or build brand equity, we provide you with results-oriented solutions.<\/p>\n<p data-start=\"4589\" data-end=\"4594\">That is:<\/p>\n<ul data-start=\"4595\" data-end=\"4766\">\n<li data-start=\"4595\" data-end=\"4661\">\n<p data-start=\"4597\" data-end=\"4661\"><strong data-start=\"4597\" data-end=\"4661\">Your website will not only be beautiful, but also generate sales.<\/strong><\/p>\n<\/li>\n<li data-start=\"4662\" data-end=\"4724\">\n<p data-start=\"4664\" data-end=\"4724\"><strong data-start=\"4664\" data-end=\"4724\">It will appear on Google, and it will load quickly on mobile devices.<\/strong><\/p>\n<\/li>\n<li data-start=\"4725\" data-end=\"4766\">\n<p data-start=\"4727\" data-end=\"4766\"><strong data-start=\"4727\" data-end=\"4766\">You will be able to manage it yourself comfortably.<\/strong><\/p>\n<\/li>\n<\/ul>\n<hr data-start=\"4768\" data-end=\"4771\" \/>\n<h2 data-start=\"4773\" data-end=\"4805\">Frequently Asked Questions (FAQ)<\/h2>\n<p data-start=\"4807\" data-end=\"4947\"><strong data-start=\"4807\" data-end=\"4847\">1. How long does it take for the site to be ready?<\/strong><br data-start=\"4847\" data-end=\"4850\" \/>Standard websites are delivered within 5\u201310 business days. This period may be longer for complex projects.<\/p>\n<p data-start=\"4949\" data-end=\"5061\"><strong data-start=\"4949\" data-end=\"5002\">2. Do you provide technical support after the site is finished?<\/strong><br data-start=\"5002\" data-end=\"5005\" \/>Yes. We have additional monthly maintenance packages available.<\/p>\n<p data-start=\"5063\" data-end=\"5190\"><strong data-start=\"5063\" data-end=\"5115\">3. Is it possible to buy hosting and domain from you?<\/strong><br data-start=\"5115\" data-end=\"5118\" \/>If you are interested, we offer a complete solution, including domain and hosting support.<\/p>\n<p data-start=\"5192\" data-end=\"5316\"><strong data-start=\"5192\" data-end=\"5239\">4. Can I manage the site myself?<\/strong><br data-start=\"5239\" data-end=\"5242\" \/>Yes, we hand over the control panel to you and provide an instructional video.<\/p>\n<hr data-start=\"5318\" data-end=\"5321\" \/>\n<h2 data-start=\"5323\" data-end=\"5346\">Contact and Get a Quote<\/h2>\n<p data-start=\"5348\" data-end=\"5464\">If you too <strong data-start=\"5360\" data-end=\"5419\">professional, mobile-friendly, SEO optimized website<\/strong> If you want, contact us now.<\/p>\n<p data-start=\"5466\" data-end=\"5587\">\ud83d\udce9 <strong data-start=\"5469\" data-end=\"5479\">Email:<\/strong> <a class=\"cursor-pointer\" rel=\"noopener\" data-start=\"5480\" data-end=\"5500\">info@360marketinq.az<\/a><br data-start=\"5500\" data-end=\"5503\" \/>\ud83d\udcde <strong data-start=\"5506\" data-end=\"5518\">Phone:<\/strong> +994 (70) 554 53 50<br data-start=\"5538\" data-end=\"5541\" \/>\ud83c\udf0d <strong data-start=\"5544\" data-end=\"5554\">Address:<\/strong> 28 May m\/st, Bulbul Ave. 36C, Baku<\/p>\n<p data-start=\"4410\" data-end=\"4506\" data-rm-block-id=\"block-76\">\ud83d\udcde\u00a0+994(70)9941804<br data-start=\"4438\" data-end=\"4441\" \/>\ud83d\udce9 info@360marketinginq.az<\/p>\n<p data-start=\"4410\" data-end=\"4506\" data-rm-block-id=\"block-77\"><a href=\"https:\/\/360marketinq.az\/veb-sayt-360\/\">Portfolio<\/a><\/p>\n<p data-start=\"4410\" data-end=\"4506\" data-rm-block-id=\"block-78\"><a href=\"https:\/\/www.instagram.com\/360marketinq\/\" target=\"_blank\" rel=\"noopener\">Our Instagram account<\/a><\/p>\n<p data-start=\"4410\" data-end=\"4506\" data-rm-block-id=\"block-79\"><a href=\"https:\/\/www.facebook.com\/360marketinq\" target=\"_blank\" rel=\"noopener\">Our Facebook account<\/a><\/p>","protected":false},"excerpt":{"rendered":"<p>Veb Sayt Xidm\u0259ti \u2013 R\u0259q\u0259msal U\u011furunuzun Ba\u015flan\u011f\u0131c\u0131 R\u0259q\u0259msal d\u00fcnyada u\u011fur qazanmaq \u00fc\u00e7\u00fcn ilk add\u0131m g\u00fccl\u00fc bir veb sayta sahib olmaqd\u0131r. \u0130st\u0259r f\u0259rdi brend qurmaq, ist\u0259r m\u0259hsul satmaq, ist\u0259rs\u0259 d\u0259 korporativ imicinizi n\u00fcmayi\u015f etdirm\u0259k ist\u0259yirsinizs\u0259, pe\u015f\u0259kar veb sayt xidm\u0259ti sizi r\u0259qibl\u0259rinizd\u0259n ay\u0131racaq \u0259n \u00f6n\u0259mli vasit\u0259dir. Niy\u0259 Veb Sayt Xidm\u0259ti Vacibdir? Bug\u00fcnk\u00fc d\u00f6vrd\u0259 potensial m\u00fc\u015ft\u0259ril\u0259rinizin \u0259ks\u0259riyy\u0259ti sizi [&hellip;]<\/p>","protected":false},"author":2,"featured_media":3463,"parent":0,"menu_order":0,"comment_status":"closed","ping_status":"closed","template":"","meta":{"footnotes":""},"class_list":["post-3156","page","type-page","status-publish","has-post-thumbnail","hentry"],"_links":{"self":[{"href":"https:\/\/360marketinq.az\/en\/wp-json\/wp\/v2\/pages\/3156","targetHints":{"allow":["GET"]}}],"collection":[{"href":"https:\/\/360marketinq.az\/en\/wp-json\/wp\/v2\/pages"}],"about":[{"href":"https:\/\/360marketinq.az\/en\/wp-json\/wp\/v2\/types\/page"}],"author":[{"embeddable":true,"href":"https:\/\/360marketinq.az\/en\/wp-json\/wp\/v2\/users\/2"}],"replies":[{"embeddable":true,"href":"https:\/\/360marketinq.az\/en\/wp-json\/wp\/v2\/comments?post=3156"}],"version-history":[{"count":0,"href":"https:\/\/360marketinq.az\/en\/wp-json\/wp\/v2\/pages\/3156\/revisions"}],"wp:featuredmedia":[{"embeddable":true,"href":"https:\/\/360marketinq.az\/en\/wp-json\/wp\/v2\/media\/3463"}],"wp:attachment":[{"href":"https:\/\/360marketinq.az\/en\/wp-json\/wp\/v2\/media?parent=3156"}],"curies":[{"name":"wp","href":"https:\/\/api.w.org\/{rel}","templated":true}]}}