{"id":3184,"date":"2025-08-03T17:08:28","date_gmt":"2025-08-03T17:08:28","guid":{"rendered":"https:\/\/360marketinq.az\/?page_id=3184"},"modified":"2025-08-03T17:08:28","modified_gmt":"2025-08-03T17:08:28","slug":"marketinq-t%c9%99limi","status":"publish","type":"page","link":"https:\/\/360marketinq.az\/en\/marketinq-t%c9%99limi\/","title":{"rendered":"Marketinq t\u0259limi"},"content":{"rendered":"<h2 data-start=\"165\" data-end=\"225\">Marketinq T\u0259limi \u2013 R\u0259q\u0259msal D\u00fcnyada U\u011fur Qazanma\u011f\u0131n A\u00e7ar\u0131<\/h2>\n<p data-start=\"227\" data-end=\"516\">M\u00fcasir d\u00f6vrd\u0259 yaln\u0131z m\u0259hsul v\u0259 ya xidm\u0259t\u0259 sahib olmaq kifay\u0259t etmir. Onu d\u00fczg\u00fcn tan\u0131tmaq, m\u00fc\u015ft\u0259riy\u0259 do\u011fru kanallarla \u00e7atd\u0131rmaq v\u0259 brendi idar\u0259 etm\u0259k \u00fc\u00e7\u00fcn marketinq bilikl\u0259ri \u015f\u0259rtdir. Bu sah\u0259d\u0259 r\u0259qab\u0259t g\u00fccl\u00fcd\u00fcr, amma <strong data-start=\"443\" data-end=\"471\">pe\u015f\u0259kar marketinq t\u0259limi<\/strong> siz\u0259 bu r\u0259qab\u0259td\u0259 f\u0259rql\u0259nm\u0259k imkan\u0131 yarad\u0131r.<\/p>\n<p data-start=\"518\" data-end=\"721\">\u018fg\u0259r siz d\u0259 \u015f\u0259xsi brendinizi qurmaq, biznesinizi inki\u015faf etdirm\u0259k v\u0259 ya sad\u0259c\u0259 karyeran\u0131z\u0131 marketinq sah\u0259sind\u0259 davam etdirm\u0259k ist\u0259yirsinizs\u0259, <strong data-start=\"660\" data-end=\"680\">marketinq t\u0259limi<\/strong> sizin \u00fc\u00e7\u00fcn \u0259v\u0259zolunmaz bir add\u0131m olacaq.<\/p>\n<hr data-start=\"723\" data-end=\"726\" \/>\n<h3 data-start=\"728\" data-end=\"755\">Marketinq t\u0259limi n\u0259dir?<\/h3>\n<p data-start=\"757\" data-end=\"997\">Marketinq t\u0259limi \u2013 i\u015ftirak\u00e7\u0131ya m\u0259hsulun bazara t\u0259qdimat\u0131, m\u00fc\u015ft\u0259ri ehtiyaclar\u0131n\u0131n \u00f6yr\u0259nilm\u0259si, r\u0259q\u0259msal reklam kanallar\u0131, brend idar\u0259\u00e7iliyi, sat\u0131\u015f strategiyalar\u0131 v\u0259 data \u0259sasl\u0131 q\u0259rarverm\u0259 kimi sah\u0259l\u0259r \u00fczr\u0259 praktiki bilikl\u0259r ver\u0259n proqramd\u0131r.<\/p>\n<p data-start=\"999\" data-end=\"1059\">Pe\u015f\u0259kar marketinq t\u0259limi a\u015fa\u011f\u0131dak\u0131 istiqam\u0259tl\u0259ri \u0259hat\u0259 edir:<\/p>\n<ul data-start=\"1061\" data-end=\"1372\">\n<li data-start=\"1061\" data-end=\"1083\">\n<p data-start=\"1063\" data-end=\"1083\">Marketinqin \u0259saslar\u0131<\/p>\n<\/li>\n<li data-start=\"1084\" data-end=\"1124\">\n<p data-start=\"1086\" data-end=\"1124\">R\u0259q\u0259msal marketinq (Digital Marketing)<\/p>\n<\/li>\n<li data-start=\"1125\" data-end=\"1156\">\n<p data-start=\"1127\" data-end=\"1156\">Sosial media marketinqi (SMM)<\/p>\n<\/li>\n<li data-start=\"1157\" data-end=\"1198\">\n<p data-start=\"1159\" data-end=\"1198\">SEO \u2013 Axtar\u0131\u015f sisteml\u0259ri optimizasiyas\u0131<\/p>\n<\/li>\n<li data-start=\"1199\" data-end=\"1230\">\n<p data-start=\"1201\" data-end=\"1230\">Google Ads v\u0259 Meta reklamlar\u0131<\/p>\n<\/li>\n<li data-start=\"1231\" data-end=\"1266\">\n<p data-start=\"1233\" data-end=\"1266\">Kontent marketinqi v\u0259 kopiraytinq<\/p>\n<\/li>\n<li data-start=\"1267\" data-end=\"1303\">\n<p data-start=\"1269\" data-end=\"1303\">Brendinq v\u0259 imic formala\u015fd\u0131r\u0131lmas\u0131<\/p>\n<\/li>\n<li data-start=\"1304\" data-end=\"1339\">\n<p data-start=\"1306\" data-end=\"1339\">Email marketinq v\u0259 CRM sisteml\u0259ri<\/p>\n<\/li>\n<li data-start=\"1340\" data-end=\"1372\">\n<p data-start=\"1342\" data-end=\"1372\">Analitika v\u0259 performans \u00f6l\u00e7\u00fcm\u00fc<\/p>\n<\/li>\n<\/ul>\n<hr data-start=\"1374\" data-end=\"1377\" \/>\n<h3 data-start=\"1379\" data-end=\"1407\">Bu t\u0259lim kiml\u0259r \u00fc\u00e7\u00fcnd\u00fcr?<\/h3>\n<ul data-start=\"1409\" data-end=\"1828\">\n<li data-start=\"1409\" data-end=\"1481\">\n<p data-start=\"1411\" data-end=\"1481\">Yeni ba\u015flayanlar \u00fc\u00e7\u00fcn: Marketinq sah\u0259sin\u0259 s\u0131f\u0131rdan ba\u015flamaq ist\u0259y\u0259nl\u0259r<\/p>\n<\/li>\n<li data-start=\"1482\" data-end=\"1564\">\n<p data-start=\"1484\" data-end=\"1564\">Sahibkarlar \u00fc\u00e7\u00fcn: \u00d6z m\u0259hsulunu v\u0259 ya xidm\u0259tini tan\u0131tmaq ist\u0259y\u0259n biznes sahibl\u0259ri<\/p>\n<\/li>\n<li data-start=\"1565\" data-end=\"1656\">\n<p data-start=\"1567\" data-end=\"1656\">Marketoloqlar \u00fc\u00e7\u00fcn: M\u00f6vcud bilikl\u0259rini sisteml\u0259\u015fdirm\u0259k v\u0259 yenil\u0259m\u0259k ist\u0259y\u0259n m\u00fct\u0259x\u0259ssisl\u0259r<\/p>\n<\/li>\n<li data-start=\"1657\" data-end=\"1754\">\n<p data-start=\"1659\" data-end=\"1754\">Freelancer v\u0259 agentlik i\u015f\u00e7il\u0259ri \u00fc\u00e7\u00fcn: M\u00fc\u015ft\u0259ril\u0259r \u00fc\u00e7\u00fcn daha effektiv xidm\u0259t g\u00f6st\u0259rm\u0259k ist\u0259y\u0259nl\u0259r<\/p>\n<\/li>\n<li data-start=\"1755\" data-end=\"1828\">\n<p data-start=\"1757\" data-end=\"1828\">Karyera d\u0259yi\u015fikliyi ed\u0259nl\u0259r \u00fc\u00e7\u00fcn: Yeni pe\u015f\u0259y\u0259 ke\u00e7id axtar\u0131\u015f\u0131nda olanlar<\/p>\n<\/li>\n<\/ul>\n<hr data-start=\"1830\" data-end=\"1833\" \/>\n<h3 data-start=\"1835\" data-end=\"1867\">Niy\u0259 bu t\u0259limi se\u00e7m\u0259lisiniz?<\/h3>\n<p data-start=\"1869\" data-end=\"2458\">\u2705 <strong data-start=\"1871\" data-end=\"1892\">Praktiki bilikl\u0259r<\/strong> \u2013 T\u0259lim boyunca real layih\u0259l\u0259r v\u0259 n\u00fcmun\u0259l\u0259r \u00fcz\u0259rind\u0259 i\u015fl\u0259y\u0259c\u0259ksiniz.<br data-start=\"1961\" data-end=\"1964\" \/>\u2705 <strong data-start=\"1966\" data-end=\"1984\">Aktual kontent<\/strong> \u2013 M\u00f6vzu v\u0259 materiallar daim yenil\u0259nir v\u0259 trendl\u0259r\u0259 uy\u011funla\u015fd\u0131r\u0131l\u0131r.<br data-start=\"2052\" data-end=\"2055\" \/>\u2705 <strong data-start=\"2057\" data-end=\"2071\">Sertifikat<\/strong> \u2013 T\u0259limi u\u011furla tamamlayanlara pe\u015f\u0259kar sertifikat t\u0259qdim olunur.<br data-start=\"2136\" data-end=\"2139\" \/>\u2705 <strong data-start=\"2141\" data-end=\"2159\">Mentor d\u0259st\u0259yi<\/strong> \u2013 T\u0259lim m\u00fcdd\u0259tind\u0259 v\u0259 sonras\u0131nda suallar\u0131n\u0131z\u0131 cavabland\u0131ran t\u0259cr\u00fcb\u0259li mentorlar.<br data-start=\"2240\" data-end=\"2243\" \/>\u2705 <strong data-start=\"2245\" data-end=\"2270\">Portfel qurmaq imkan\u0131<\/strong> \u2013 Real brend v\u0259 ya m\u0259hsul \u00fcz\u0259rind\u0259 i\u015fl\u0259m\u0259kl\u0259 portfelinizi formala\u015fd\u0131r\u0131rs\u0131n\u0131z.<br data-start=\"2348\" data-end=\"2351\" \/>\u2705 <strong data-start=\"2353\" data-end=\"2381\">\u015e\u0259b\u0259k\u0259l\u0259\u015fm\u0259 (Networking)<\/strong> \u2013 Sah\u0259d\u0259 olan dig\u0259r \u015f\u0259xsl\u0259rl\u0259 tan\u0131\u015fl\u0131q v\u0259 \u0259m\u0259kda\u015fl\u0131q f\u00fcrs\u0259ti \u0259ld\u0259 edirsiniz.<\/p>\n<hr data-start=\"2460\" data-end=\"2463\" \/>\n<h3 data-start=\"2465\" data-end=\"2486\">T\u0259limin strukturu<\/h3>\n<p data-start=\"2488\" data-end=\"2587\">T\u0259lim proqram\u0131 <strong data-start=\"2503\" data-end=\"2528\">t\u0259xmin\u0259n 4\u20136 h\u0259ft\u0259lik<\/strong> m\u00fcdd\u0259ti \u0259hat\u0259 edir. H\u0259ft\u0259lik d\u0259rs plan\u0131 a\u015fa\u011f\u0131dak\u0131 kimidir:<\/p>\n<div class=\"_tableContainer_16hzy_1\">\n<div class=\"_tableWrapper_16hzy_14 group flex w-fit flex-col-reverse\" tabindex=\"-1\">\n<table class=\"w-fit min-w-(--thread-content-width)\" data-start=\"2589\" data-end=\"2930\">\n<thead data-start=\"2589\" data-end=\"2606\">\n<tr data-start=\"2589\" data-end=\"2606\">\n<th data-start=\"2589\" data-end=\"2597\" data-col-size=\"sm\">H\u0259ft\u0259<\/th>\n<th data-start=\"2597\" data-end=\"2606\" data-col-size=\"md\">M\u00f6vzu<\/th>\n<\/tr>\n<\/thead>\n<tbody data-start=\"2625\" data-end=\"2930\">\n<tr data-start=\"2625\" data-end=\"2679\">\n<td data-start=\"2625\" data-end=\"2633\" data-col-size=\"sm\">1<\/td>\n<td data-start=\"2633\" data-end=\"2679\" data-col-size=\"md\">Marketinqin \u0259sas prinsipl\u0259ri v\u0259 anlay\u0131\u015flar<\/td>\n<\/tr>\n<tr data-start=\"2680\" data-end=\"2731\">\n<td data-start=\"2680\" data-end=\"2688\" data-col-size=\"sm\">2<\/td>\n<td data-start=\"2688\" data-end=\"2731\" data-col-size=\"md\">Brendin qurulmas\u0131 v\u0259 brend strategiyas\u0131<\/td>\n<\/tr>\n<tr data-start=\"2732\" data-end=\"2778\">\n<td data-start=\"2732\" data-end=\"2740\" data-col-size=\"sm\">3<\/td>\n<td data-start=\"2740\" data-end=\"2778\" data-col-size=\"md\">Sosial media v\u0259 kontent marketinqi<\/td>\n<\/tr>\n<tr data-start=\"2779\" data-end=\"2815\">\n<td data-start=\"2779\" data-end=\"2787\" data-col-size=\"sm\">4<\/td>\n<td data-start=\"2787\" data-end=\"2815\" data-col-size=\"md\">SEO v\u0259 Google reklamlar\u0131<\/td>\n<\/tr>\n<tr data-start=\"2816\" data-end=\"2875\">\n<td data-start=\"2816\" data-end=\"2824\" data-col-size=\"sm\">5<\/td>\n<td data-start=\"2824\" data-end=\"2875\" data-col-size=\"md\">Meta (Facebook, Instagram) reklam kampaniyalar\u0131<\/td>\n<\/tr>\n<tr data-start=\"2876\" data-end=\"2930\">\n<td data-start=\"2876\" data-end=\"2884\" data-col-size=\"sm\">6<\/td>\n<td data-col-size=\"md\" data-start=\"2884\" data-end=\"2930\">Email marketinq, analitika v\u0259 yekun layih\u0259<\/td>\n<\/tr>\n<\/tbody>\n<\/table>\n<div class=\"sticky end-(--thread-content-margin) h-0 self-end select-none\">\n<div class=\"absolute end-0 flex items-end\"><\/div>\n<\/div>\n<\/div>\n<\/div>\n<p data-start=\"2932\" data-end=\"3054\">D\u0259rsl\u0259r h\u0259m \u0259yani, h\u0259m d\u0259 online formatda t\u0259\u015fkil olunur. T\u0259limd\u0259 h\u0259m n\u0259z\u0259ri bilikl\u0259r, h\u0259m d\u0259 praktiki tap\u015f\u0131r\u0131qlar verilir.<\/p>\n<h3 data-start=\"3061\" data-end=\"3104\"><img fetchpriority=\"high\" decoding=\"async\" class=\"alignnone wp-image-3185 size-full\" title=\"marketinq t\u0259limi\" src=\"https:\/\/360marketinq.az\/wp-content\/uploads\/2025\/08\/smm-xidm\u0259ti-14.png\" alt=\"marketinq t\u0259limi\" width=\"1024\" height=\"576\" srcset=\"https:\/\/360marketinq.az\/wp-content\/uploads\/2025\/08\/smm-xidm\u0259ti-14.png 1024w, https:\/\/360marketinq.az\/wp-content\/uploads\/2025\/08\/smm-xidm\u0259ti-14-300x169.png 300w, https:\/\/360marketinq.az\/wp-content\/uploads\/2025\/08\/smm-xidm\u0259ti-14-768x432.png 768w, https:\/\/360marketinq.az\/wp-content\/uploads\/2025\/08\/smm-xidm\u0259ti-14-18x10.png 18w\" sizes=\"(max-width: 1024px) 100vw, 1024px\" \/><\/h3>\n<h3 data-start=\"3061\" data-end=\"3104\">T\u0259limin sonunda n\u0259l\u0259r \u0259ld\u0259 ed\u0259c\u0259ksiniz?<\/h3>\n<ul data-start=\"3106\" data-end=\"3508\">\n<li data-start=\"3106\" data-end=\"3180\">\n<p data-start=\"3108\" data-end=\"3180\">\u00d6z\u00fcn\u00fcz v\u0259 ya m\u00fc\u015ft\u0259riniz \u00fc\u00e7\u00fcn effektiv marketinq plan\u0131 haz\u0131rlama bacar\u0131\u011f\u0131<\/p>\n<\/li>\n<li data-start=\"3181\" data-end=\"3256\">\n<p data-start=\"3183\" data-end=\"3256\">Facebook Ads v\u0259 Google Ads platformas\u0131nda reklam kampaniyalar\u0131 qura bilm\u0259<\/p>\n<\/li>\n<li data-start=\"3257\" data-end=\"3339\">\n<p data-start=\"3259\" data-end=\"3339\">SEO \u0259saslar\u0131n\u0131 t\u0259tbiq ed\u0259 bilm\u0259 v\u0259 saytlar\u0131n axtar\u0131\u015f n\u0259tic\u0259l\u0259rind\u0259 y\u00fcks\u0259ldilm\u0259si<\/p>\n<\/li>\n<li data-start=\"3340\" data-end=\"3394\">\n<p data-start=\"3342\" data-end=\"3394\">Sosial media strategiyas\u0131 haz\u0131rlama v\u0259 post planlama<\/p>\n<\/li>\n<li data-start=\"3395\" data-end=\"3451\">\n<p data-start=\"3397\" data-end=\"3451\">M\u00fc\u015ft\u0259ri analizi v\u0259 davran\u0131\u015f \u0259sasl\u0131 marketinq yana\u015fmas\u0131<\/p>\n<\/li>\n<li data-start=\"3452\" data-end=\"3508\">\n<p data-start=\"3454\" data-end=\"3508\">CRM v\u0259 e-po\u00e7t marketinq al\u0259tl\u0259rind\u0259n istifad\u0259 bacar\u0131\u011f\u0131<\/p>\n<\/li>\n<\/ul>\n<hr data-start=\"3804\" data-end=\"3807\" \/>\n<h3 data-start=\"3809\" data-end=\"3842\">T\u0259limin format\u0131 v\u0259 qiym\u0259tl\u0259ri<\/h3>\n<p data-start=\"3844\" data-end=\"3942\">Biz t\u0259liml\u0259ri <strong data-start=\"3858\" data-end=\"3887\">qrup v\u0259 f\u0259rdi formatlarda<\/strong>, h\u0259m\u00e7inin <strong data-start=\"3898\" data-end=\"3927\">online v\u0259 offline formada<\/strong> t\u0259qdim edirik.<\/p>\n<div class=\"_tableContainer_16hzy_1\">\n<div class=\"_tableWrapper_16hzy_14 group flex w-fit flex-col-reverse\" tabindex=\"-1\">\n<div class=\"sticky end-(--thread-content-margin) h-0 self-end select-none\">\n<div class=\"absolute end-0 flex items-end\"><\/div>\n<\/div>\n<\/div>\n<\/div>\n<p data-start=\"4250\" data-end=\"4327\">Qiym\u0259tl\u0259r\u0259 d\u0259rs materiallar\u0131, video d\u0259rs qeydl\u0259ri v\u0259 mentor d\u0259st\u0259yi daxildir.<\/p>\n<hr data-start=\"4329\" data-end=\"4332\" \/>\n<h3 data-start=\"4334\" data-end=\"4364\">T\u0259lim\u0259 nec\u0259 yaz\u0131lmaq olar?<\/h3>\n<p data-start=\"4366\" data-end=\"4441\">T\u0259lim\u0259 yaz\u0131lmaq \u00fc\u00e7\u00fcn a\u015fa\u011f\u0131dak\u0131 kanallardan biri il\u0259 biziml\u0259 \u0259laq\u0259 saxlay\u0131n:<\/p>\n<p data-start=\"4410\" data-end=\"4506\" data-rm-block-id=\"block-76\">\ud83d\udcde\u00a0+994(70)9941804<br data-start=\"4438\" data-end=\"4441\" \/>\ud83d\udce9 info@360marketinginq.az<\/p>\n<p data-start=\"4410\" data-end=\"4506\" data-rm-block-id=\"block-77\"><a href=\"https:\/\/360marketinq.az\/video-360\/\">Portfolio<\/a><\/p>\n<p data-start=\"4410\" data-end=\"4506\" data-rm-block-id=\"block-78\"><a href=\"https:\/\/www.instagram.com\/360marketinq\/\" target=\"_blank\" rel=\"noopener\">Our Instagram account<\/a><\/p>\n<p data-start=\"4410\" data-end=\"4506\" data-rm-block-id=\"block-79\"><a href=\"https:\/\/www.facebook.com\/360marketinq\" target=\"_blank\" rel=\"noopener\">Our Facebook account<\/a><\/p>\n<p>&nbsp;<\/p>\n<hr data-start=\"4544\" data-end=\"4547\" \/>\n<h3 data-start=\"4549\" data-end=\"4568\">\u018flav\u0259 imkanlar:<\/h3>\n<ul data-start=\"4570\" data-end=\"4703\">\n<li data-start=\"4570\" data-end=\"4605\">\n<p data-start=\"4572\" data-end=\"4605\">T\u0259lim sonras\u0131 <strong data-start=\"4586\" data-end=\"4605\">portfel d\u0259st\u0259yi<\/strong><\/p>\n<\/li>\n<li data-start=\"4606\" data-end=\"4653\">\n<p data-start=\"4608\" data-end=\"4653\">Marketinq sah\u0259sind\u0259 <strong data-start=\"4628\" data-end=\"4653\">karyera y\u00f6nl\u0259ndirm\u0259si<\/strong><\/p>\n<\/li>\n<li data-start=\"4654\" data-end=\"4703\">\n<p data-start=\"4656\" data-end=\"4703\">Sertifikatl\u0131 i\u015ftirak\u00e7\u0131lar \u00fc\u00e7\u00fcn <strong data-start=\"4687\" data-end=\"4703\">i\u015f imkanlar\u0131<\/strong><\/p>\n<\/li>\n<\/ul>\n<hr data-start=\"4705\" data-end=\"4708\" \/>\n<h3 data-start=\"4710\" data-end=\"4720\">The result<\/h3>\n<p data-start=\"4722\" data-end=\"4945\">\u0130ndi r\u0259q\u0259msal bazarda u\u011fur qazanmaq, brendinizi qurmaq v\u0259 ya karyeran\u0131z\u0131 yeni s\u0259viyy\u0259y\u0259 da\u015f\u0131maq ist\u0259yirsinizs\u0259, <strong data-start=\"4834\" data-end=\"4854\">marketinq t\u0259limi<\/strong> bunun \u00fc\u00e7\u00fcn ideal ba\u015flan\u011f\u0131cd\u0131r. \u00d6z\u00fcn\u00fcz\u0259 v\u0259 g\u0259l\u0259c\u0259yiniz\u0259 bir s\u0259rmay\u0259 olaraq bu t\u0259limi se\u00e7in.<\/p>\n<p data-start=\"4947\" data-end=\"4979\"><strong data-start=\"4947\" data-end=\"4979\">\u00d6yr\u0259n \u2013 t\u0259tbiq et \u2013 f\u0259rql\u0259n!<\/strong><\/p>","protected":false},"excerpt":{"rendered":"<p>Marketinq T\u0259limi \u2013 R\u0259q\u0259msal D\u00fcnyada U\u011fur Qazanma\u011f\u0131n A\u00e7ar\u0131 M\u00fcasir d\u00f6vrd\u0259 yaln\u0131z m\u0259hsul v\u0259 ya xidm\u0259t\u0259 sahib olmaq kifay\u0259t etmir. Onu d\u00fczg\u00fcn tan\u0131tmaq, m\u00fc\u015ft\u0259riy\u0259 do\u011fru kanallarla \u00e7atd\u0131rmaq v\u0259 brendi idar\u0259 etm\u0259k \u00fc\u00e7\u00fcn marketinq bilikl\u0259ri \u015f\u0259rtdir. Bu sah\u0259d\u0259 r\u0259qab\u0259t g\u00fccl\u00fcd\u00fcr, amma pe\u015f\u0259kar marketinq t\u0259limi siz\u0259 bu r\u0259qab\u0259td\u0259 f\u0259rql\u0259nm\u0259k imkan\u0131 yarad\u0131r. \u018fg\u0259r siz d\u0259 \u015f\u0259xsi brendinizi qurmaq, biznesinizi [&hellip;]<\/p>","protected":false},"author":2,"featured_media":0,"parent":0,"menu_order":0,"comment_status":"closed","ping_status":"closed","template":"","meta":{"footnotes":""},"class_list":["post-3184","page","type-page","status-publish","hentry"],"_links":{"self":[{"href":"https:\/\/360marketinq.az\/en\/wp-json\/wp\/v2\/pages\/3184","targetHints":{"allow":["GET"]}}],"collection":[{"href":"https:\/\/360marketinq.az\/en\/wp-json\/wp\/v2\/pages"}],"about":[{"href":"https:\/\/360marketinq.az\/en\/wp-json\/wp\/v2\/types\/page"}],"author":[{"embeddable":true,"href":"https:\/\/360marketinq.az\/en\/wp-json\/wp\/v2\/users\/2"}],"replies":[{"embeddable":true,"href":"https:\/\/360marketinq.az\/en\/wp-json\/wp\/v2\/comments?post=3184"}],"version-history":[{"count":0,"href":"https:\/\/360marketinq.az\/en\/wp-json\/wp\/v2\/pages\/3184\/revisions"}],"wp:attachment":[{"href":"https:\/\/360marketinq.az\/en\/wp-json\/wp\/v2\/media?parent=3184"}],"curies":[{"name":"wp","href":"https:\/\/api.w.org\/{rel}","templated":true}]}}