{"id":3201,"date":"2025-08-03T17:38:58","date_gmt":"2025-08-03T17:38:58","guid":{"rendered":"https:\/\/360marketinq.az\/?page_id=3201"},"modified":"2025-08-24T19:10:32","modified_gmt":"2025-08-24T19:10:32","slug":"loqo-sifarisi","status":"publish","type":"page","link":"https:\/\/360marketinq.az\/en\/loqo-sifarisi\/","title":{"rendered":"Logo Design Services"},"content":{"rendered":"<h1 data-start=\"155\" data-end=\"203\">Logo Design \u2013 Design the Face of Your Brand<\/h1>\n<p data-start=\"205\" data-end=\"478\">The visual identity of a business is one of the most important factors in its recognition and memorability. The main element of this visual identity is <strong data-start=\"351\" data-end=\"362\">is the logo<\/strong>A logo communicates the character, message, and values \u200b\u200bof your brand to your audience through a symbol or written form.<\/p>\n<p data-start=\"480\" data-end=\"628\">If you are starting a new business or want to refresh your existing brand, a professional <strong data-start=\"576\" data-end=\"601\">logo ordering service<\/strong> Make a strong first impression with.<\/p>\n<hr data-start=\"630\" data-end=\"633\" \/>\n<h2 data-start=\"635\" data-end=\"667\">What is a logo and why is it important?<\/h2>\n<p data-start=\"669\" data-end=\"915\"><strong data-start=\"669\" data-end=\"677\">Loqo<\/strong> \u2013 \u2013 is the identifying mark of a company, product or service. A well-designed logo is both memorable and demonstrates the professionalism of the brand. A successful logo is not only aesthetically pleasing, but also <strong data-start=\"867\" data-end=\"893\">strategic communication<\/strong> is important in terms of<\/p>\n<p data-start=\"917\" data-end=\"1187\">\u2705 <strong data-start=\"919\" data-end=\"931\">Recognition:<\/strong> Customers recognize you through your logo.<br data-start=\"972\" data-end=\"975\" \/>\u2705 <strong data-start=\"977\" data-end=\"988\">Confidence:<\/strong> A professional logo is a visual confirmation of a professional approach.<br data-start=\"1040\" data-end=\"1043\" \/>\u2705 <strong data-start=\"1045\" data-end=\"1061\">Remember<\/strong> A well-designed logo sticks in people's minds.<br data-start=\"1115\" data-end=\"1118\" \/>\u2705 <strong data-start=\"1120\" data-end=\"1142\">Competitive advantage:<\/strong> A unique logo sets you apart from your competitors.<\/p>\n<hr data-start=\"1189\" data-end=\"1192\" \/>\n<h2 data-start=\"1194\" data-end=\"1237\">Professional Logo Design with 360 Marketing<\/h2>\n<p data-start=\"1239\" data-end=\"1477\">We create a logo that reflects the spirit and values \u200b\u200bof your business, <strong data-start=\"1294\" data-end=\"1331\">unique and functional logo design<\/strong> We carry out each order with an individual approach, designing logos that not only \"look good\", but also carry a strategy.<\/p>\n<hr data-start=\"1479\" data-end=\"1482\" \/>\n<h3 data-start=\"1484\" data-end=\"1521\"><img fetchpriority=\"high\" decoding=\"async\" class=\"alignnone wp-image-3203 size-full\" title=\"loqo sifari\u015fi\" src=\"https:\/\/360marketinq.az\/wp-content\/uploads\/2025\/08\/smm-xidm\u0259ti-17.png\" alt=\"loqo sifari\u015fi\" width=\"1024\" height=\"576\" srcset=\"https:\/\/360marketinq.az\/wp-content\/uploads\/2025\/08\/smm-xidm\u0259ti-17.png 1024w, https:\/\/360marketinq.az\/wp-content\/uploads\/2025\/08\/smm-xidm\u0259ti-17-300x169.png 300w, https:\/\/360marketinq.az\/wp-content\/uploads\/2025\/08\/smm-xidm\u0259ti-17-768x432.png 768w, https:\/\/360marketinq.az\/wp-content\/uploads\/2025\/08\/smm-xidm\u0259ti-17-18x10.png 18w\" sizes=\"(max-width: 1024px) 100vw, 1024px\" \/><\/h3>\n<h2 data-start=\"1484\" data-end=\"1521\">How does the logo design process work?<\/h2>\n<h3 data-start=\"1523\" data-end=\"1553\">1. Brief and brand analysis<\/h3>\n<p data-start=\"1554\" data-end=\"1726\">It's important for us to get to know you and your brand before we start working. We gather detailed information about the industry, target audience, competitors, brand goals and values.<\/p>\n<h3 data-start=\"1728\" data-end=\"1758\">2. Concept development<\/h3>\n<p data-start=\"1759\" data-end=\"1896\">Based on the collected data, our designers <strong data-start=\"1815\" data-end=\"1840\">3\u20135 initial logo sketches<\/strong> These sketches represent different approaches.<\/p>\n<h3 data-start=\"1898\" data-end=\"1929\">3. Selection and improvement<\/h3>\n<p data-start=\"1930\" data-end=\"2092\">You choose the one you like from the versions provided. You can customize the color, shape, font and other details on the logo you choose. <strong data-start=\"2068\" data-end=\"2091\">corrections are being made<\/strong>.<\/p>\n<h3 data-start=\"2094\" data-end=\"2125\">4. Submission of final files<\/h3>\n<p data-start=\"2126\" data-end=\"2185\">The approved logo is delivered to you in various formats:<\/p>\n<ul data-start=\"2186\" data-end=\"2296\">\n<li data-start=\"2186\" data-end=\"2214\">\n<p data-start=\"2188\" data-end=\"2214\">Vector format (.AI, .EPS)<\/p>\n<\/li>\n<li data-start=\"2215\" data-end=\"2227\">\n<p data-start=\"2217\" data-end=\"2227\">Transparent PNG<\/p>\n<\/li>\n<li data-start=\"2228\" data-end=\"2241\">\n<p data-start=\"2230\" data-end=\"2241\">PDF and JPEG<\/p>\n<\/li>\n<li data-start=\"2242\" data-end=\"2261\">\n<p data-start=\"2244\" data-end=\"2261\">Favicon version<\/p>\n<\/li>\n<li data-start=\"2262\" data-end=\"2296\">\n<p data-start=\"2264\" data-end=\"2296\">Black and white and single color versions<\/p>\n<\/li>\n<\/ul>\n<hr data-start=\"2298\" data-end=\"2301\" \/>\n<h2 data-start=\"2303\" data-end=\"2326\">Types of logo design<\/h2>\n<p data-start=\"2328\" data-end=\"2440\"><strong data-start=\"2328\" data-end=\"2361\">1. Symbolic logos (Iconic):<\/strong><br data-start=\"2361\" data-end=\"2364\" \/>It expresses the essence of the brand with a simple and powerful symbol. For example: Apple, Nike.<\/p>\n<p data-start=\"2442\" data-end=\"2552\"><strong data-start=\"2442\" data-end=\"2480\">2. Text-based logos (Wordmark):<\/strong><br data-start=\"2480\" data-end=\"2483\" \/>Designing a brand name in a special font. For example: Google, Coca-Cola.<\/p>\n<p data-start=\"2554\" data-end=\"2667\"><strong data-start=\"2554\" data-end=\"2582\">3. Combination logos:<\/strong><br data-start=\"2582\" data-end=\"2585\" \/>Symbol + text together. The most commonly used form. For example: Adidas, Lacoste.<\/p>\n<p data-start=\"2669\" data-end=\"2756\"><strong data-start=\"2669\" data-end=\"2693\">4. Monogram logos:<\/strong><br data-start=\"2693\" data-end=\"2696\" \/>Minimalist approach with capital letters. For example: HBO, IBM.<\/p>\n<hr data-start=\"2758\" data-end=\"2761\" \/>\n<h2 data-start=\"2763\" data-end=\"2814\">What should be considered when ordering a logo?<\/h2>\n<ul data-start=\"2816\" data-end=\"3212\">\n<li data-start=\"2816\" data-end=\"2893\">\n<p data-start=\"2818\" data-end=\"2893\"><strong data-start=\"2818\" data-end=\"2830\">Simplicity:<\/strong> The simpler the logo, the more effective and memorable it is.<\/p>\n<\/li>\n<li data-start=\"2894\" data-end=\"2962\">\n<p data-start=\"2896\" data-end=\"2962\"><strong data-start=\"2896\" data-end=\"2909\">Compatibility:<\/strong> The color, font, and shape should match the brand tone.<\/p>\n<\/li>\n<li data-start=\"2963\" data-end=\"3042\">\n<p data-start=\"2965\" data-end=\"3042\"><strong data-start=\"2965\" data-end=\"2978\">Flexibility:<\/strong> The logo should be usable at any size and on any platform.<\/p>\n<\/li>\n<li data-start=\"3043\" data-end=\"3103\">\n<p data-start=\"3045\" data-end=\"3103\"><strong data-start=\"3045\" data-end=\"3059\">Uniqueness:<\/strong> It must be an original design, free from plagiarism.<\/p>\n<\/li>\n<li data-start=\"3104\" data-end=\"3212\">\n<p data-start=\"3106\" data-end=\"3212\"><strong data-start=\"3106\" data-end=\"3132\">Applicability:<\/strong> It should be able to work in any space and format, from a business card to a billboard.<\/p>\n<\/li>\n<\/ul>\n<hr data-start=\"3214\" data-end=\"3217\" \/>\n<h2 data-start=\"3219\" data-end=\"3247\">Logo order prices<\/h2>\n<div class=\"_tableContainer_16hzy_1\">\n<div class=\"_tableWrapper_16hzy_14 group flex w-fit flex-col-reverse\" tabindex=\"-1\">\n<table class=\"w-fit min-w-(--thread-content-width)\" data-start=\"3249\" data-end=\"3478\">\n<thead data-start=\"3249\" data-end=\"3276\">\n<tr data-start=\"3249\" data-end=\"3276\">\n<th data-start=\"3249\" data-end=\"3257\" data-col-size=\"sm\">Package<\/th>\n<th data-start=\"3257\" data-end=\"3266\" data-col-size=\"md\">Description<\/th>\n<th data-start=\"3266\" data-end=\"3276\" data-col-size=\"sm\">Price<\/th>\n<\/tr>\n<\/thead>\n<tbody data-start=\"3305\" data-end=\"3478\">\n<tr data-start=\"3305\" data-end=\"3348\">\n<td data-start=\"3305\" data-end=\"3315\" data-col-size=\"sm\">Starter<\/td>\n<td data-col-size=\"md\" data-start=\"3315\" data-end=\"3338\">1 concept, 1 revision<\/td>\n<td data-col-size=\"sm\" data-start=\"3338\" data-end=\"3348\">90 AZN<\/td>\n<\/tr>\n<tr data-start=\"3349\" data-end=\"3409\">\n<td data-start=\"3349\" data-end=\"3360\" data-col-size=\"sm\">Standart<\/td>\n<td data-col-size=\"md\" data-start=\"3360\" data-end=\"3398\">3 concepts, 2 revisions, final files<\/td>\n<td data-col-size=\"sm\" data-start=\"3398\" data-end=\"3409\">150 AZN<\/td>\n<\/tr>\n<tr data-start=\"3410\" data-end=\"3478\">\n<td data-start=\"3410\" data-end=\"3420\" data-col-size=\"sm\">Premium<\/td>\n<td data-start=\"3420\" data-end=\"3467\" data-col-size=\"md\">5 concepts, unlimited edits, brand booklet<\/td>\n<td data-col-size=\"sm\" data-start=\"3467\" data-end=\"3478\">148 USD<\/td>\n<\/tr>\n<\/tbody>\n<\/table>\n<div class=\"sticky end-(--thread-content-margin) h-0 self-end select-none\">\n<div class=\"absolute end-0 flex items-end\"><\/div>\n<\/div>\n<\/div>\n<\/div>\n<p data-start=\"3480\" data-end=\"3596\">The brand manual also provides color codes, fonts, usage guidelines, and logo application examples.<\/p>\n<p><img decoding=\"async\" class=\"alignnone wp-image-3202 size-full\" title=\"loqo sifari\u015fi\" src=\"https:\/\/360marketinq.az\/wp-content\/uploads\/2025\/08\/smm-xidm\u0259ti-18.png\" alt=\"loqo sifari\u015fi\" width=\"1024\" height=\"576\" srcset=\"https:\/\/360marketinq.az\/wp-content\/uploads\/2025\/08\/smm-xidm\u0259ti-18.png 1024w, https:\/\/360marketinq.az\/wp-content\/uploads\/2025\/08\/smm-xidm\u0259ti-18-300x169.png 300w, https:\/\/360marketinq.az\/wp-content\/uploads\/2025\/08\/smm-xidm\u0259ti-18-768x432.png 768w, https:\/\/360marketinq.az\/wp-content\/uploads\/2025\/08\/smm-xidm\u0259ti-18-18x10.png 18w\" sizes=\"(max-width: 1024px) 100vw, 1024px\" \/><\/p>\n<h2 data-start=\"3603\" data-end=\"3646\">Additional services after logo design:<\/h2>\n<ul data-start=\"3648\" data-end=\"3834\">\n<li data-start=\"3648\" data-end=\"3706\">\n<p data-start=\"3650\" data-end=\"3706\">Brand identity packages (business cards, letterhead, envelope design)<\/p>\n<\/li>\n<li data-start=\"3707\" data-end=\"3750\">\n<p data-start=\"3709\" data-end=\"3750\">Profile and cover design for social media<\/p>\n<\/li>\n<li data-start=\"3751\" data-end=\"3772\">\n<p data-start=\"3753\" data-end=\"3772\">Packaging design<\/p>\n<\/li>\n<li data-start=\"3773\" data-end=\"3799\">\n<p data-start=\"3775\" data-end=\"3799\">Poster and banner design<\/p>\n<\/li>\n<li data-start=\"3800\" data-end=\"3834\">\n<p data-start=\"3802\" data-end=\"3834\">Website Interface Design (UI)<\/p>\n<\/li>\n<\/ul>\n<hr data-start=\"4104\" data-end=\"4107\" \/>\n<h2 data-start=\"4109\" data-end=\"4142\">Frequently Asked Questions (FAQ)<\/h2>\n<p data-start=\"4144\" data-end=\"4287\"><strong data-start=\"4144\" data-end=\"4197\">1. How long does it take to order a logo?<\/strong><br data-start=\"4197\" data-end=\"4200\" \/>The standard process takes 3\u20135 business days. This time may be extended for more complex orders.<\/p>\n<p data-start=\"4289\" data-end=\"4440\"><strong data-start=\"4289\" data-end=\"4350\">2. Can you design not only a logo, but also a brand identity?<\/strong><br data-start=\"4350\" data-end=\"4353\" \/>Yes! We also create brand brochures, corporate document designs, and visual systems.<\/p>\n<p data-start=\"4442\" data-end=\"4583\"><strong data-start=\"4442\" data-end=\"4486\">3. In what format will I receive the final files?<\/strong><br data-start=\"4486\" data-end=\"4489\" \/>In all professional formats including vector (.ai, .eps), .png (transparent), .jpg, .pdf and .svg.<\/p>\n<p data-start=\"4585\" data-end=\"4732\"><strong data-start=\"4585\" data-end=\"4640\">4. I have a ready-made logo, can you modernize it?<\/strong><br data-start=\"4640\" data-end=\"4643\" \/>Of course! We can analyze your existing logo and make it more modern and usable.<\/p>\n<p data-start=\"4734\" data-end=\"4887\"><strong data-start=\"4734\" data-end=\"4782\">5. What if the logo I like is similar to another brand?<\/strong><br data-start=\"4782\" data-end=\"4785\" \/>All designs are made from scratch and are original. No plagiarism or template designs are used.<\/p>\n<hr data-start=\"4889\" data-end=\"4892\" \/>\n<h4 data-start=\"4894\" data-end=\"4920\">For contact and orders:<\/h4>\n<p data-start=\"4410\" data-end=\"4506\" data-rm-block-id=\"block-76\">\ud83d\udcde\u00a0+994(70)9941804<br data-start=\"4438\" data-end=\"4441\" \/>\ud83d\udce9 info@360marketinginq.az<\/p>\n<p data-start=\"4410\" data-end=\"4506\" data-rm-block-id=\"block-77\"><a href=\"https:\/\/360marketinq.az\/video-360\/\">Portfolio<\/a><\/p>\n<p data-start=\"4410\" data-end=\"4506\" data-rm-block-id=\"block-78\"><a href=\"https:\/\/www.instagram.com\/360marketinq\/\" target=\"_blank\" rel=\"noopener\">Our Instagram account<\/a><\/p>\n<p data-start=\"4410\" data-end=\"4506\" data-rm-block-id=\"block-79\"><a href=\"https:\/\/www.facebook.com\/360marketinq\" target=\"_blank\" rel=\"noopener\">Our Facebook account<\/a><\/p>\n<p>&nbsp;<\/p>\n<h5 data-start=\"5000\" data-end=\"5039\">Give your brand identity with a logo!<\/h5>\n<p data-start=\"5041\" data-end=\"5259\"><strong data-start=\"5041\" data-end=\"5104\">A logo is not just a sign \u2013 it is the language of your brand.<\/strong><br data-start=\"5104\" data-end=\"5107\" \/>Let's speak this language together and visually differentiate you from your competitors.<br data-start=\"5188\" data-end=\"5191\" \/>Contact us now for a professional, unique, and functional logo!<\/p>","protected":false},"excerpt":{"rendered":"<p>Loqo Sifari\u015fi \u2013 Brendinizin \u00dcz\u00fcn\u00fc Dizayn Edin Bir biznesin vizual kimliyi onun tan\u0131nmas\u0131nda v\u0259 yadda qalmas\u0131nda \u0259n m\u00fch\u00fcm rol oynayan faktorlardan biridir. Bu vizual kimliyin \u0259sas elementi is\u0259 loqodur. Loqo, sizin brendinizin xarakterini, mesaj\u0131n\u0131 v\u0259 d\u0259y\u0259rini bir simvol v\u0259 ya yaz\u0131 formas\u0131 il\u0259 auditoriyaya \u00e7atd\u0131r\u0131r. \u018fg\u0259r siz yeni bir biznes qurursunuzsa v\u0259 ya m\u00f6vcud brendinizi [&hellip;]<\/p>\n","protected":false},"author":2,"featured_media":3456,"parent":0,"menu_order":0,"comment_status":"closed","ping_status":"closed","template":"","meta":{"footnotes":""},"class_list":["post-3201","page","type-page","status-publish","has-post-thumbnail","hentry"],"_links":{"self":[{"href":"https:\/\/360marketinq.az\/en\/wp-json\/wp\/v2\/pages\/3201","targetHints":{"allow":["GET"]}}],"collection":[{"href":"https:\/\/360marketinq.az\/en\/wp-json\/wp\/v2\/pages"}],"about":[{"href":"https:\/\/360marketinq.az\/en\/wp-json\/wp\/v2\/types\/page"}],"author":[{"embeddable":true,"href":"https:\/\/360marketinq.az\/en\/wp-json\/wp\/v2\/users\/2"}],"replies":[{"embeddable":true,"href":"https:\/\/360marketinq.az\/en\/wp-json\/wp\/v2\/comments?post=3201"}],"version-history":[{"count":0,"href":"https:\/\/360marketinq.az\/en\/wp-json\/wp\/v2\/pages\/3201\/revisions"}],"wp:featuredmedia":[{"embeddable":true,"href":"https:\/\/360marketinq.az\/en\/wp-json\/wp\/v2\/media\/3456"}],"wp:attachment":[{"href":"https:\/\/360marketinq.az\/en\/wp-json\/wp\/v2\/media?parent=3201"}],"curies":[{"name":"wp","href":"https:\/\/api.w.org\/{rel}","templated":true}]}}