{"id":485,"date":"2023-06-13T09:23:05","date_gmt":"2023-06-13T09:23:05","guid":{"rendered":"https:\/\/360marketinq.az\/?page_id=485"},"modified":"2025-08-03T09:41:33","modified_gmt":"2025-08-03T09:41:33","slug":"faq","status":"publish","type":"page","link":"https:\/\/360marketinq.az\/en\/faq\/","title":{"rendered":"FAQ"},"content":{"rendered":"\t\t<div data-elementor-type=\"wp-page\" data-elementor-id=\"485\" class=\"elementor elementor-485\" data-elementor-post-type=\"page\">\n\t\t\t\t\t\t<section class=\"elementor-section elementor-top-section elementor-element elementor-element-aefab36 elementor-reverse-tablet elementor-reverse-mobile_extra elementor-reverse-mobile elementor-section-boxed elementor-section-height-default elementor-section-height-default\" data-id=\"aefab36\" data-element_type=\"section\" data-e-type=\"section\" data-settings=\"{&quot;wdt_bg_image&quot;:{&quot;url&quot;:&quot;&quot;,&quot;id&quot;:&quot;&quot;,&quot;size&quot;:&quot;&quot;},&quot;wdt_bg_image_widescreen&quot;:{&quot;url&quot;:&quot;&quot;,&quot;id&quot;:&quot;&quot;,&quot;size&quot;:&quot;&quot;},&quot;wdt_bg_image_laptop&quot;:{&quot;url&quot;:&quot;&quot;,&quot;id&quot;:&quot;&quot;,&quot;size&quot;:&quot;&quot;},&quot;wdt_bg_image_tablet_extra&quot;:{&quot;url&quot;:&quot;&quot;,&quot;id&quot;:&quot;&quot;,&quot;size&quot;:&quot;&quot;},&quot;wdt_bg_image_tablet&quot;:{&quot;url&quot;:&quot;&quot;,&quot;id&quot;:&quot;&quot;,&quot;size&quot;:&quot;&quot;},&quot;wdt_bg_image_mobile_extra&quot;:{&quot;url&quot;:&quot;&quot;,&quot;id&quot;:&quot;&quot;,&quot;size&quot;:&quot;&quot;},&quot;wdt_bg_image_mobile&quot;:{&quot;url&quot;:&quot;&quot;,&quot;id&quot;:&quot;&quot;,&quot;size&quot;:&quot;&quot;},&quot;wdt_bg_position&quot;:&quot;center center&quot;,&quot;wdt_animation_effect&quot;:&quot;none&quot;}\">\n\t\t\t\t\t\t<div class=\"elementor-container elementor-column-gap-no\">\n\t\t\t\t\t<div class=\"elementor-column elementor-col-50 elementor-top-column elementor-element elementor-element-fc66928\" data-id=\"fc66928\" data-element_type=\"column\" data-e-type=\"column\">\n\t\t\t<div class=\"elementor-widget-wrap elementor-element-populated\">\n\t\t\t\t\t\t<div class=\"elementor-element elementor-element-18fe789 start wdt-custom-common-heading-subtitle-type-2 animated-fast before-after-title elementor-invisible elementor-widget elementor-widget-wdt-heading\" data-id=\"18fe789\" data-element_type=\"widget\" data-e-type=\"widget\" data-settings=\"{&quot;_animation&quot;:&quot;fadeInRight&quot;,&quot;wdt_animation_effect&quot;:&quot;none&quot;}\" data-widget_type=\"wdt-heading.default\">\n\t\t\t\t<div class=\"elementor-widget-container\">\n\t\t\t\t\t<div class=\"wdt-heading-holder \" id=\"wdt-heading-18fe789\"><div class=\"wdt-heading-subtitle-wrapper wdt-heading-align-center wdt-heading-deco-wrapper\"><span class=\"wdt-heading-subtitle\"><span class=\"wdt-heading-deco-inner wdt-left-part\"><span class=\"wdt-heading-deco-icon\"><span class=\"wdt-content-icon-wrapper\"><span class=\"wdt-content-icon\"><span><i aria-hidden=\"true\" class=\"fas fa-circle\"><\/i><\/span><\/span><\/span><\/span><\/span>Cavablar\u0131m\u0131z<span class=\"wdt-heading-deco-inner wdt-right-part\"><span class=\"wdt-heading-deco-icon\"><span class=\"wdt-content-icon-wrapper\"><span class=\"wdt-content-icon\"><span><i aria-hidden=\"true\" class=\"fas fa-circle\"><\/i><\/span><\/span><\/span><\/span><\/span><\/span><\/div><\/div>\t\t\t\t<\/div>\n\t\t\t\t<\/div>\n\t\t\t\t<div class=\"elementor-element elementor-element-fd74fc3 wdt-custom-common-heading-title animated-fast elementor-invisible elementor-widget elementor-widget-qi_addons_for_elementor_animated_text\" data-id=\"fd74fc3\" data-element_type=\"widget\" data-e-type=\"widget\" data-settings=\"{&quot;_animation&quot;:&quot;fadeInRight&quot;,&quot;wdt_animation_effect&quot;:&quot;none&quot;}\" data-widget_type=\"qi_addons_for_elementor_animated_text.default\">\n\t\t\t\t<div class=\"elementor-widget-container\">\n\t\t\t\t\t<div class=\"qodef-shortcode qodef-m qodef-qi-animated-text qodef--animated-by-letter qodef--alignment-left qodef-qi--has-appear qodef--appear-from-right\" >\n\t\t<h1 class=\"qodef-m-title\">\n\t\t<span class=\"qodef-e-word-holder\">Tez-tez<\/span> <span class=\"qodef-e-word-holder\">veril\u0259n<\/span> <span class=\"qodef-e-word-holder\">suallar<\/span>\t<\/h1>\n<\/div>\n\t\t\t\t<\/div>\n\t\t\t\t<\/div>\n\t\t\t\t<div class=\"elementor-element elementor-element-9ca9aaf wdt-custom-faq-style-a elementor-widget__width-initial elementor-widget-tablet__width-inherit animated-fast elementor-invisible elementor-widget elementor-widget-qi_addons_for_elementor_faq\" data-id=\"9ca9aaf\" data-element_type=\"widget\" data-e-type=\"widget\" data-settings=\"{&quot;_animation&quot;:&quot;fadeInRight&quot;,&quot;wdt_animation_effect&quot;:&quot;none&quot;}\" data-widget_type=\"qi_addons_for_elementor_faq.default\">\n\t\t\t\t<div class=\"elementor-widget-container\">\n\t\t\t\t\t<div class=\"qodef-shortcode qodef-m qodef-qi-faq qodef-qi-clear qodef-behavior--accordion qodef-layout--simple qodef-style--border-between\">\n\t<h3 class=\"qodef-e-title-holder\">\n\t<span class=\"qodef-e-title\">\n\t\t\t\tMarketinq \u00fczr\u0259 hans\u0131 xidm\u0259tl\u0259riniz var?\t<\/span>\n\t\t<span class=\"qodef-e-mark\">\n\t\t<span class=\"qodef-icon--plus\">\n\t\t\t\t<span class=\"qodef-e-icon\">\n\t\t\t<\/span>\n\t\t\t<\/span>\n\t\t<span class=\"qodef-icon--minus\">\n\t\t\t\t<span class=\"qodef-e-icon\">\n\t\t\t<\/span>\n\t\t\t<\/span>\n\t<\/span>\n\t<\/h3>\n<div class=\"qodef-e-content\">\n\t<div class=\"qodef-e-content-inner\">\n\t\t<p>Marketinq xidm\u0259tl\u0259rimizl\u0259 \u0259sas menyuda <a href=\"https:\/\/360marketinq.az\/services\/\">\"Xidm\u0259tl\u0259r\"<\/a>\u00a0b\u00f6lm\u0259sin\u0259 ke\u00e7id ed\u0259r\u0259k \u0259trafl\u0131 \u015f\u0259kild\u0259 tan\u0131\u015f ola bil\u0259rsiniz.\u00a0<\/p>\t<\/div>\n<\/div>\n<h3 class=\"qodef-e-title-holder\">\n\t<span class=\"qodef-e-title\">\n\t\t\t\tS\u0259hif\u0259min SMM-ni sizin \u0130dar\u0259 etm\u0259yinizi \u0130st\u0259yir\u0259m. \u0130\u015f\u0259 haradan ba\u015flayac\u0131q?\t<\/span>\n\t\t<span class=\"qodef-e-mark\">\n\t\t<span class=\"qodef-icon--plus\">\n\t\t\t\t<span class=\"qodef-e-icon\">\n\t\t\t<\/span>\n\t\t\t<\/span>\n\t\t<span class=\"qodef-icon--minus\">\n\t\t\t\t<span class=\"qodef-e-icon\">\n\t\t\t<\/span>\n\t\t\t<\/span>\n\t<\/span>\n\t<\/h3>\n<div class=\"qodef-e-content\">\n\t<div class=\"qodef-e-content-inner\">\n\t\t<p>\u018fvv\u0259lc\u0259 sizinl\u0259 ilkin g\u00f6r\u00fc\u015f t\u0259yin edilir. G\u00f6r\u00fc\u015f\u0259 q\u0259d\u0259r apard\u0131\u011f\u0131m\u0131z s\u0259hif\u0259nizin analizi zaman\u0131 yaranm\u0131\u015f suallar\u0131m\u0131z\u0131 g\u00f6r\u00fc\u015fd\u0259 siz\u0259 \u00fcnvanlay\u0131b cavablar\u0131 al\u0131r\u0131q. Ard\u0131nca is\u0259 sizin g\u00f6zl\u0259ntil\u0259rinizi \u00f6yr\u0259nib ara\u015fd\u0131rman\u0131n n\u00f6vb\u0259ti m\u0259rh\u0259l\u0259sin\u0259 ke\u00e7irik. T\u0259xmin\u0259n 1 h\u0259ft\u0259 \u00e7\u0259k\u0259n prosesin ard\u0131yca siz\u0259 \u00f6z\u0259l t\u0259klifimizi g\u00f6nd\u0259ririk. T\u0259klif q\u0259bul edildikd\u0259n sonra t\u0259r\u0259fl\u0259r aras\u0131nda m\u00fcqavil\u0259 imzalan\u0131r v\u0259 f\u0259aliyy\u0259t\u0259 ba\u015flay\u0131r\u0131q.<\/p>\t<\/div>\n<\/div>\n<h3 class=\"qodef-e-title-holder\">\n\t<span class=\"qodef-e-title\">\n\t\t\t\tBug\u00fcn\u0259 q\u0259d\u0259r hans\u0131 sah\u0259l\u0259rd\u0259  t\u0259cr\u00fcb\u0259niz olub?\t<\/span>\n\t\t<span class=\"qodef-e-mark\">\n\t\t<span class=\"qodef-icon--plus\">\n\t\t\t\t<span class=\"qodef-e-icon\">\n\t\t\t<\/span>\n\t\t\t<\/span>\n\t\t<span class=\"qodef-icon--minus\">\n\t\t\t\t<span class=\"qodef-e-icon\">\n\t\t\t<\/span>\n\t\t\t<\/span>\n\t<\/span>\n\t<\/h3>\n<div class=\"qodef-e-content\">\n\t<div class=\"qodef-e-content-inner\">\n\t\t<p>Bug\u00fcn\u0259 q\u0259d\u0259r t\u0259hsil, geyim, tikinti, evl\u0259r\u0259 xidm\u0259t, restoran, hotel, \u015f\u0259xsi brendinq, yeni m\u0259hsulun bazara giri\u015fi, konsaltinq xidm\u0259ti, t\u0259lim, mebel, tibb, travel sah\u0259l\u0259rind\u0259 birba\u015fa t\u0259cr\u00fcb\u0259miz olmu\u015fdur.<\/p>\t<\/div>\n<\/div>\n<h3 class=\"qodef-e-title-holder\">\n\t<span class=\"qodef-e-title\">\n\t\t\t\tSizd\u0259 biznes\u0259 \u00f6z\u0259l \u0130ndividiual paketl\u0259r m\u00f6vcuddurmu?\t<\/span>\n\t\t<span class=\"qodef-e-mark\">\n\t\t<span class=\"qodef-icon--plus\">\n\t\t\t\t<span class=\"qodef-e-icon\">\n\t\t\t<\/span>\n\t\t\t<\/span>\n\t\t<span class=\"qodef-icon--minus\">\n\t\t\t\t<span class=\"qodef-e-icon\">\n\t\t\t<\/span>\n\t\t\t<\/span>\n\t<\/span>\n\t<\/h3>\n<div class=\"qodef-e-content\">\n\t<div class=\"qodef-e-content-inner\">\n\t\t<p>B\u0259li. \u00dcmumiyy\u0259tl\u0259 t\u00f6vsiyy\u0259 ed\u0259c\u0259yimiz \u0259sas paket individiual paketdir. Bug\u00fcn\u0259 q\u0259d\u0259r olan t\u0259cr\u00fc\u0259miz g\u00f6st\u0259rmi\u015fdir ki, individual yana\u015fma ist\u0259r x\u0259rc, ist\u0259rs\u0259 g\u0259lir bax\u0131m\u0131ndan m\u00fc\u015ft\u0259ril\u0259rimiz \u00fc\u00e7\u00fcn \u0259n uy\u011fun paketdir.<\/p>\t<\/div>\n<\/div>\n<h3 class=\"qodef-e-title-holder\">\n\t<span class=\"qodef-e-title\">\n\t\t\t\tSizd\u0259 t\u0259liml\u0259r ke\u00e7irilirmi?\t<\/span>\n\t\t<span class=\"qodef-e-mark\">\n\t\t<span class=\"qodef-icon--plus\">\n\t\t\t\t<span class=\"qodef-e-icon\">\n\t\t\t<\/span>\n\t\t\t<\/span>\n\t\t<span class=\"qodef-icon--minus\">\n\t\t\t\t<span class=\"qodef-e-icon\">\n\t\t\t<\/span>\n\t\t\t<\/span>\n\t<\/span>\n\t<\/h3>\n<div class=\"qodef-e-content\">\n\t<div class=\"qodef-e-content-inner\">\n\t\t<p>B\u0259li. \"360 Marketinq\" eyni zamanda marketinq sah\u0259si \u00fczr\u0259 t\u0259liml\u0259r ke\u00e7ir.<\/p>\t<\/div>\n<\/div>\n<\/div>\n\t<script type=\"application\/ld+json\">{\"@context\":\"https:\\\/\\\/schema.org\",\"@type\":\"FAQPage\",\"mainEntity\":[{\"@type\":\"Question\",\"name\":\"Marketinq \\u00fczr\\u0259 hans\\u0131 xidm\\u0259tl\\u0259riniz var?\",\"acceptedAnswer\":{\"@type\":\"Answer\",\"text\":\"<p>Marketinq xidm\\u0259tl\\u0259rimizl\\u0259 \\u0259sas menyuda <a href=\\\"https:\\\/\\\/360marketinq.az\\\/services\\\/\\\">\\\"Xidm\\u0259tl\\u0259r\\\"<\\\/a>\\u00a0b\\u00f6lm\\u0259sin\\u0259 ke\\u00e7id ed\\u0259r\\u0259k \\u0259trafl\\u0131 \\u015f\\u0259kild\\u0259 tan\\u0131\\u015f ola bil\\u0259rsiniz.\\u00a0<\\\/p>\"}},{\"@type\":\"Question\",\"name\":\"S\\u0259hif\\u0259min SMM-ni sizin \\u0130dar\\u0259 etm\\u0259yinizi \\u0130st\\u0259yir\\u0259m. \\u0130\\u015f\\u0259 haradan ba\\u015flayac\\u0131q?\",\"acceptedAnswer\":{\"@type\":\"Answer\",\"text\":\"<p>\\u018fvv\\u0259lc\\u0259 sizinl\\u0259 ilkin g\\u00f6r\\u00fc\\u015f t\\u0259yin edilir. G\\u00f6r\\u00fc\\u015f\\u0259 q\\u0259d\\u0259r apard\\u0131\\u011f\\u0131m\\u0131z s\\u0259hif\\u0259nizin analizi zaman\\u0131 yaranm\\u0131\\u015f suallar\\u0131m\\u0131z\\u0131 g\\u00f6r\\u00fc\\u015fd\\u0259 siz\\u0259 \\u00fcnvanlay\\u0131b cavablar\\u0131 al\\u0131r\\u0131q. Ard\\u0131nca is\\u0259 sizin g\\u00f6zl\\u0259ntil\\u0259rinizi \\u00f6yr\\u0259nib ara\\u015fd\\u0131rman\\u0131n n\\u00f6vb\\u0259ti m\\u0259rh\\u0259l\\u0259sin\\u0259 ke\\u00e7irik. T\\u0259xmin\\u0259n 1 h\\u0259ft\\u0259 \\u00e7\\u0259k\\u0259n prosesin ard\\u0131yca siz\\u0259 \\u00f6z\\u0259l t\\u0259klifimizi g\\u00f6nd\\u0259ririk. T\\u0259klif q\\u0259bul edildikd\\u0259n sonra t\\u0259r\\u0259fl\\u0259r aras\\u0131nda m\\u00fcqavil\\u0259 imzalan\\u0131r v\\u0259 f\\u0259aliyy\\u0259t\\u0259 ba\\u015flay\\u0131r\\u0131q.<\\\/p>\"}},{\"@type\":\"Question\",\"name\":\"Bug\\u00fcn\\u0259 q\\u0259d\\u0259r hans\\u0131 sah\\u0259l\\u0259rd\\u0259  t\\u0259cr\\u00fcb\\u0259niz olub?\",\"acceptedAnswer\":{\"@type\":\"Answer\",\"text\":\"<p>Bug\\u00fcn\\u0259 q\\u0259d\\u0259r t\\u0259hsil, geyim, tikinti, evl\\u0259r\\u0259 xidm\\u0259t, restoran, hotel, \\u015f\\u0259xsi brendinq, yeni m\\u0259hsulun bazara giri\\u015fi, konsaltinq xidm\\u0259ti, t\\u0259lim, mebel, tibb, travel sah\\u0259l\\u0259rind\\u0259 birba\\u015fa t\\u0259cr\\u00fcb\\u0259miz olmu\\u015fdur.<\\\/p>\"}},{\"@type\":\"Question\",\"name\":\"Sizd\\u0259 biznes\\u0259 \\u00f6z\\u0259l \\u0130ndividiual paketl\\u0259r m\\u00f6vcuddurmu?\",\"acceptedAnswer\":{\"@type\":\"Answer\",\"text\":\"<p>B\\u0259li. \\u00dcmumiyy\\u0259tl\\u0259 t\\u00f6vsiyy\\u0259 ed\\u0259c\\u0259yimiz \\u0259sas paket individiual paketdir. Bug\\u00fcn\\u0259 q\\u0259d\\u0259r olan t\\u0259cr\\u00fc\\u0259miz g\\u00f6st\\u0259rmi\\u015fdir ki, individual yana\\u015fma ist\\u0259r x\\u0259rc, ist\\u0259rs\\u0259 g\\u0259lir bax\\u0131m\\u0131ndan m\\u00fc\\u015ft\\u0259ril\\u0259rimiz \\u00fc\\u00e7\\u00fcn \\u0259n uy\\u011fun paketdir.<\\\/p>\"}},{\"@type\":\"Question\",\"name\":\"Sizd\\u0259 t\\u0259liml\\u0259r ke\\u00e7irilirmi?\",\"acceptedAnswer\":{\"@type\":\"Answer\",\"text\":\"<p>B\\u0259li. \\\"360 Marketinq\\\" eyni zamanda marketinq sah\\u0259si \\u00fczr\\u0259 t\\u0259liml\\u0259r ke\\u00e7ir.<\\\/p>\"}}]}<\/script>\n\t\t\t\t<\/div>\n\t\t\t\t<\/div>\n\t\t\t\t\t<\/div>\n\t\t<\/div>\n\t\t\t\t<div class=\"elementor-column elementor-col-50 elementor-top-column elementor-element elementor-element-a976299 wdt-custom-border-col-right\" data-id=\"a976299\" data-element_type=\"column\" data-e-type=\"column\">\n\t\t\t<div class=\"elementor-widget-wrap elementor-element-populated\">\n\t\t\t\t\t\t<div class=\"elementor-element elementor-element-34b3260 wdt-custom-anim-image-right animated-fast elementor-invisible elementor-widget elementor-widget-image\" data-id=\"34b3260\" data-element_type=\"widget\" data-e-type=\"widget\" data-settings=\"{&quot;_animation&quot;:&quot;fadeInUp&quot;,&quot;wdt_animation_effect&quot;:&quot;none&quot;}\" data-widget_type=\"image.default\">\n\t\t\t\t<div class=\"elementor-widget-container\">\n\t\t\t\t\t\t\t\t\t\t\t\t\t\t\t<img decoding=\"async\" src=\"https:\/\/360marketinq.az\/wp-content\/uploads\/2023\/06\/Gaaga-Home-3-Faq-Img-1.png\" title=\"\" alt=\"Gaaga-Home-3-Faq-Img (1)\" loading=\"lazy\" \/>\t\t\t\t\t\t\t\t\t\t\t\t\t\t\t<\/div>\n\t\t\t\t<\/div>\n\t\t\t\t<div class=\"elementor-element elementor-element-dd1f0a8 elementor-widget__width-auto elementor-absolute wdt-custom-dots-svg elementor-view-default elementor-widget elementor-widget-icon\" data-id=\"dd1f0a8\" data-element_type=\"widget\" data-e-type=\"widget\" data-settings=\"{&quot;_position&quot;:&quot;absolute&quot;,&quot;wdt_animation_effect&quot;:&quot;none&quot;}\" data-widget_type=\"icon.default\">\n\t\t\t\t<div class=\"elementor-widget-container\">\n\t\t\t\t\t\t\t<div class=\"elementor-icon-wrapper\">\n\t\t\t<div class=\"elementor-icon\">\n\t\t\t\t\t\t<\/div>\n\t\t<\/div>\n\t\t\t\t\t\t<\/div>\n\t\t\t\t<\/div>\n\t\t\t\t\t<\/div>\n\t\t<\/div>\n\t\t\t\t\t<\/div>\n\t\t<\/section>\n\t\t\t\t<\/div>\n\t\t","protected":false},"excerpt":{"rendered":"<p>Cavablar\u0131m\u0131z Tez-tez veril\u0259n suallar Marketinq \u00fczr\u0259 hans\u0131 xidm\u0259tl\u0259riniz var? Marketinq xidm\u0259tl\u0259rimizl\u0259 \u0259sas menyuda &#8220;Xidm\u0259tl\u0259r&#8221;\u00a0b\u00f6lm\u0259sin\u0259 ke\u00e7id ed\u0259r\u0259k \u0259trafl\u0131 \u015f\u0259kild\u0259 tan\u0131\u015f ola bil\u0259rsiniz. S\u0259hif\u0259min SMM-ni sizin \u0130dar\u0259 etm\u0259yinizi \u0130st\u0259yir\u0259m. \u0130\u015f\u0259 haradan ba\u015flayac\u0131q? \u018fvv\u0259lc\u0259 sizinl\u0259 ilkin g\u00f6r\u00fc\u015f t\u0259yin edilir. G\u00f6r\u00fc\u015f\u0259 q\u0259d\u0259r apard\u0131\u011f\u0131m\u0131z s\u0259hif\u0259nizin analizi zaman\u0131 yaranm\u0131\u015f suallar\u0131m\u0131z\u0131 g\u00f6r\u00fc\u015fd\u0259 siz\u0259 \u00fcnvanlay\u0131b cavablar\u0131 al\u0131r\u0131q. Ard\u0131nca is\u0259 sizin g\u00f6zl\u0259ntil\u0259rinizi \u00f6yr\u0259nib ara\u015fd\u0131rman\u0131n [&hellip;]<\/p>\n","protected":false},"author":1,"featured_media":0,"parent":0,"menu_order":0,"comment_status":"closed","ping_status":"closed","template":"","meta":{"footnotes":""},"class_list":["post-485","page","type-page","status-publish","hentry"],"_links":{"self":[{"href":"https:\/\/360marketinq.az\/en\/wp-json\/wp\/v2\/pages\/485","targetHints":{"allow":["GET"]}}],"collection":[{"href":"https:\/\/360marketinq.az\/en\/wp-json\/wp\/v2\/pages"}],"about":[{"href":"https:\/\/360marketinq.az\/en\/wp-json\/wp\/v2\/types\/page"}],"author":[{"embeddable":true,"href":"https:\/\/360marketinq.az\/en\/wp-json\/wp\/v2\/users\/1"}],"replies":[{"embeddable":true,"href":"https:\/\/360marketinq.az\/en\/wp-json\/wp\/v2\/comments?post=485"}],"version-history":[{"count":0,"href":"https:\/\/360marketinq.az\/en\/wp-json\/wp\/v2\/pages\/485\/revisions"}],"wp:attachment":[{"href":"https:\/\/360marketinq.az\/en\/wp-json\/wp\/v2\/media?parent=485"}],"curies":[{"name":"wp","href":"https:\/\/api.w.org\/{rel}","templated":true}]}}