{"id":690,"date":"2023-06-20T08:15:16","date_gmt":"2023-06-20T08:15:16","guid":{"rendered":"https:\/\/360marketinq.az\/?page_id=690"},"modified":"2025-08-24T19:11:18","modified_gmt":"2025-08-24T19:11:18","slug":"gizli-musteri-xidmeti","status":"publish","type":"page","link":"https:\/\/360marketinq.az\/en\/marketing-xidmetleri\/gizli-musteri-xidmeti\/","title":{"rendered":"\u201cMystery shopper\u201d service"},"content":{"rendered":"<h2 data-start=\"180\" data-end=\"230\">Confidential Customer Service<\/h2>\n<p data-start=\"232\" data-end=\"536\">In your business <strong data-start=\"245\" data-end=\"307\">m\u00fc\u015ft\u0259ri xidm\u0259tinin keyfiyy\u0259tini \u00f6l\u00e7m\u0259k v\u0259 inki\u015faf etdirm\u0259k<\/strong> Do you want to receive objective and detailed information from people who act like real customers at your points of sale, branches or service areas? Then <strong data-start=\"489\" data-end=\"514\">Confidential Customer Service<\/strong> It's just for you.<\/p>\n<p data-start=\"538\" data-end=\"843\">Mystery shopping is a service provided by a business that is tested in real-world conditions without warning. Through this service, you can assess staff behavior, service standards, customer relations, and overall experience. <strong data-start=\"794\" data-end=\"819\">through the eyes of a real customer<\/strong> you analyze.<\/p>\n<hr data-start=\"845\" data-end=\"848\" \/>\n<h3 data-start=\"850\" data-end=\"893\">Key Benefits of Confidential Customer Service<\/h3>\n<h4 data-start=\"895\" data-end=\"932\">\ud83c\udfaf <strong data-start=\"903\" data-end=\"930\">Objective Evaluation<\/strong><\/h4>\n<p data-start=\"933\" data-end=\"1147\">The information you get about staff and service levels is based on objective, real customer experience, free from outside influences. The mystery shopper observes and records the natural behavior of employees.<\/p>\n<h4 data-start=\"1149\" data-end=\"1202\">\ud83d\udcac <strong data-start=\"1157\" data-end=\"1200\">Customer Experience Improvement<\/strong><\/h4>\n<p data-start=\"1203\" data-end=\"1428\">Weaknesses and service gaps are identified and the analysis results are presented to you. This helps in developing training plans, updating service standards, and <strong data-start=\"1366\" data-end=\"1411\">increasing overall customer satisfaction<\/strong> results in<\/p>\n<h4 data-start=\"1430\" data-end=\"1466\">\ud83d\udcb0 <strong data-start=\"1438\" data-end=\"1464\">Increasing Sales<\/strong><\/h4>\n<p data-start=\"1467\" data-end=\"1677\">Daha y\u00fcks\u0259k xidm\u0259t keyfiyy\u0259ti daha \u00e7ox m\u00fc\u015ft\u0259ri m\u0259mnuniyy\u0259ti v\u0259 n\u0259tic\u0259 etibaril\u0259 <strong data-start=\"1547\" data-end=\"1576\">t\u0259krar al\u0131\u015f v\u0259 t\u00f6vsiy\u0259l\u0259r<\/strong> dem\u0259kdir. Gizli m\u00fc\u015ft\u0259ri n\u0259tic\u0259l\u0259rin\u0259 \u0259saslanan t\u0259kmill\u0259\u015fm\u0259l\u0259r sat\u0131\u015f performans\u0131n\u0131z\u0131 birba\u015fa art\u0131r\u0131r.<\/p>\n<h4 data-start=\"1679\" data-end=\"1732\">\ud83e\udde0 <strong data-start=\"1687\" data-end=\"1730\">Analysis of Staff Service Quality<\/strong><\/h4>\n<p data-start=\"1733\" data-end=\"1924\">Employees' customer communication skills, product knowledge, presentation style, and professional behavior are assessed, which helps identify individual and general training needs.<\/p>\n<hr data-start=\"1926\" data-end=\"1929\" \/>\n<h3 data-start=\"1931\" data-end=\"1963\"><img fetchpriority=\"high\" decoding=\"async\" class=\"alignnone wp-image-3160 size-full\" title=\"secret client\" src=\"https:\/\/360marketinq.az\/wp-content\/uploads\/2025\/08\/smm-xidm\u0259ti-7.png\" alt=\"gizli m\u00fc\u015ft\u0259ri\" width=\"1024\" height=\"576\" srcset=\"https:\/\/360marketinq.az\/wp-content\/uploads\/2025\/08\/smm-xidm\u0259ti-7.png 1024w, https:\/\/360marketinq.az\/wp-content\/uploads\/2025\/08\/smm-xidm\u0259ti-7-300x169.png 300w, https:\/\/360marketinq.az\/wp-content\/uploads\/2025\/08\/smm-xidm\u0259ti-7-768x432.png 768w, https:\/\/360marketinq.az\/wp-content\/uploads\/2025\/08\/smm-xidm\u0259ti-7-18x10.png 18w\" sizes=\"(max-width: 1024px) 100vw, 1024px\" \/><\/h3>\n<h3 data-start=\"1931\" data-end=\"1963\">How is the service going?<\/h3>\n<ol data-start=\"1965\" data-end=\"2694\">\n<li data-start=\"1965\" data-end=\"2117\">\n<p data-start=\"1968\" data-end=\"2117\"><strong data-start=\"1968\" data-end=\"1999\">Determining demand<\/strong> \u2013 A survey form is prepared based on your business type, target customer profile, and the areas you want to verify.<\/p>\n<\/li>\n<li data-start=\"2118\" data-end=\"2304\">\n<p data-start=\"2121\" data-end=\"2304\"><strong data-start=\"2121\" data-end=\"2147\">Building scenarios<\/strong> \u2013 Scenarios are written based on real-life shopping or service situations. For example, product inquiry, complaint, first purchase, interest in service, etc.<\/p>\n<\/li>\n<li data-start=\"2305\" data-end=\"2434\">\n<p data-start=\"2308\" data-end=\"2434\"><strong data-start=\"2308\" data-end=\"2341\">Sending a mystery shopper<\/strong> \u2013 Trained mystery shoppers enter the business as customers and monitor the entire process.<\/p>\n<\/li>\n<li data-start=\"2435\" data-end=\"2578\">\n<p data-start=\"2438\" data-end=\"2578\"><strong data-start=\"2438\" data-end=\"2467\">Evaluation and reporting<\/strong> \u2013 Detailed and structured based on information collected by the mystery shopper <strong data-start=\"2555\" data-end=\"2566\">report<\/strong> is developed<\/p>\n<\/li>\n<li data-start=\"2579\" data-end=\"2694\">\n<p data-start=\"2582\" data-end=\"2694\"><strong data-start=\"2582\" data-end=\"2602\">Feedback and suggestions<\/strong> \u2013 For service development based on the results obtained <strong data-start=\"2659\" data-end=\"2679\">a package of offers<\/strong> is presented.<\/p>\n<\/li>\n<\/ol>\n<hr data-start=\"2696\" data-end=\"2699\" \/>\n<h3 data-start=\"2701\" data-end=\"2741\">Why Should You Cooperate With Us?<\/h3>\n<h4 data-start=\"2743\" data-end=\"2787\">\u2705 <strong data-start=\"2750\" data-end=\"2785\">Realistic Scenarios and Accurate Representation<\/strong><\/h4>\n<p data-start=\"2788\" data-end=\"2950\">The scenarios we develop cover real-life situations that your customers might encounter, ensuring that the results are completely objective and practical.<\/p>\n<h4 data-start=\"2952\" data-end=\"3001\">\u2705 <strong data-start=\"2959\" data-end=\"2999\">Detailed and Analysis-Oriented Reports<\/strong><\/h4>\n<p data-start=\"3002\" data-end=\"3221\">The reports provided to you after each visit indicate at what stage of the service, what positive or negative situations were observed, what standards were violated, and what areas need improvement.<\/p>\n<h4 data-start=\"3223\" data-end=\"3249\">\u2705 <strong data-start=\"3230\" data-end=\"3247\">Individual Approach<\/strong><\/h4>\n<p data-start=\"3250\" data-end=\"3423\">We apply different approach models for both single-store and multi-branch enterprises. A testing strategy is developed according to the size and field of your company.<\/p>\n<h4 data-start=\"3425\" data-end=\"3473\">\u2705 <strong data-start=\"3432\" data-end=\"3471\">Professional and Trained Mystery Shoppers<\/strong><\/h4>\n<p data-start=\"3474\" data-end=\"3602\">The people we select are not just random people, but are trained in the field of mystery shopping and are capable of conducting unobtrusive observations.<\/p>\n<h4 data-start=\"3604\" data-end=\"3637\">\u2705 <strong data-start=\"3611\" data-end=\"3635\">Confidentiality and Accuracy<\/strong><\/h4>\n<p data-start=\"3638\" data-end=\"3764\">Hidden client processes <strong data-start=\"3663\" data-end=\"3684\">in complete secrecy<\/strong> is carried out and the results presented to you are presented with complete transparency.<\/p>\n<hr data-start=\"3766\" data-end=\"3769\" \/>\n<h3 data-start=\"3771\" data-end=\"3798\">Where is it used?<\/h3>\n<ul data-start=\"3800\" data-end=\"4026\">\n<li data-start=\"3800\" data-end=\"3830\">\n<p data-start=\"3802\" data-end=\"3830\">Retail stores<\/p>\n<\/li>\n<li data-start=\"3831\" data-end=\"3862\">\n<p data-start=\"3833\" data-end=\"3862\">Restaurant and cafe chains<\/p>\n<\/li>\n<li data-start=\"3863\" data-end=\"3893\">\n<p data-start=\"3865\" data-end=\"3893\">In the hotel and tourism sector<\/p>\n<\/li>\n<li data-start=\"3894\" data-end=\"3927\">\n<p data-start=\"3896\" data-end=\"3927\">In banking and insurance services<\/p>\n<\/li>\n<li data-start=\"3928\" data-end=\"3953\">\n<p data-start=\"3930\" data-end=\"3953\">In pharmacies and clinics<\/p>\n<\/li>\n<li data-start=\"3954\" data-end=\"3987\">\n<p data-start=\"3956\" data-end=\"3987\">In education and training centers<\/p>\n<\/li>\n<li data-start=\"3988\" data-end=\"4026\">\n<p data-start=\"3990\" data-end=\"4026\">In call centers and customer services<\/p>\n<\/li>\n<\/ul>\n<hr data-start=\"4526\" data-end=\"4529\" \/>\n<h3 data-start=\"4531\" data-end=\"4551\">Contact and Order<\/h3>\n<p data-start=\"4553\" data-end=\"4729\">If you also want to measure service quality in your business, improve customer experience, and stay ahead of the competition, <strong data-start=\"4675\" data-end=\"4700\">Confidential Customer Service<\/strong> contact us for.<\/p>\n<p data-start=\"4410\" data-end=\"4506\" data-rm-block-id=\"block-76\">\ud83d\udcde\u00a0+994(70)9941804<br data-start=\"4438\" data-end=\"4441\" \/>\ud83d\udce9 info@360marketinginq.az<\/p>\n<p data-start=\"4410\" data-end=\"4506\" data-rm-block-id=\"block-77\"><a href=\"https:\/\/360marketinq.az\/video-360\/\">Portfolio<\/a><\/p>\n<p data-start=\"4410\" data-end=\"4506\" data-rm-block-id=\"block-78\"><a href=\"https:\/\/www.instagram.com\/360marketinq\/\" target=\"_blank\" rel=\"noopener\">Our Instagram account<\/a><\/p>\n<p data-start=\"4410\" data-end=\"4506\" data-rm-block-id=\"block-79\"><a href=\"https:\/\/www.facebook.com\/360marketinq\" target=\"_blank\" rel=\"noopener\">Our Facebook account<\/a><\/p>","protected":false},"excerpt":{"rendered":"<p>Gizli M\u00fc\u015ft\u0259ri Xidm\u0259ti Biznesinizd\u0259 m\u00fc\u015ft\u0259ri xidm\u0259tinin keyfiyy\u0259tini \u00f6l\u00e7m\u0259k v\u0259 inki\u015faf etdirm\u0259k ist\u0259yirsiniz? Sat\u0131\u015f n\u00f6qt\u0259l\u0259rinizd\u0259, filiallar\u0131n\u0131zda v\u0259 ya xidm\u0259t sah\u0259l\u0259rinizd\u0259 real m\u00fc\u015ft\u0259ri kimi davranan \u015f\u0259xsl\u0259r vasit\u0259sil\u0259 obyektiv v\u0259 detall\u0131 m\u0259lumat almaq ist\u0259yirsiniz? O zaman Gizli M\u00fc\u015ft\u0259ri Xidm\u0259ti tam da sizin \u00fc\u00e7\u00fcnd\u00fcr. Gizli m\u00fc\u015ft\u0259ri (mystery shopper) xidm\u0259ti \u2013 m\u00fc\u0259ssis\u0259nin g\u00f6st\u0259rdiyi xidm\u0259tin real \u015f\u0259raitd\u0259, x\u0259b\u0259rdarl\u0131q edilm\u0259d\u0259n test edilm\u0259sidir. [&hellip;]<\/p>\n","protected":false},"author":2,"featured_media":3451,"parent":38,"menu_order":0,"comment_status":"closed","ping_status":"closed","template":"","meta":{"footnotes":""},"class_list":["post-690","page","type-page","status-publish","has-post-thumbnail","hentry"],"_links":{"self":[{"href":"https:\/\/360marketinq.az\/en\/wp-json\/wp\/v2\/pages\/690","targetHints":{"allow":["GET"]}}],"collection":[{"href":"https:\/\/360marketinq.az\/en\/wp-json\/wp\/v2\/pages"}],"about":[{"href":"https:\/\/360marketinq.az\/en\/wp-json\/wp\/v2\/types\/page"}],"author":[{"embeddable":true,"href":"https:\/\/360marketinq.az\/en\/wp-json\/wp\/v2\/users\/2"}],"replies":[{"embeddable":true,"href":"https:\/\/360marketinq.az\/en\/wp-json\/wp\/v2\/comments?post=690"}],"version-history":[{"count":0,"href":"https:\/\/360marketinq.az\/en\/wp-json\/wp\/v2\/pages\/690\/revisions"}],"up":[{"embeddable":true,"href":"https:\/\/360marketinq.az\/en\/wp-json\/wp\/v2\/pages\/38"}],"wp:featuredmedia":[{"embeddable":true,"href":"https:\/\/360marketinq.az\/en\/wp-json\/wp\/v2\/media\/3451"}],"wp:attachment":[{"href":"https:\/\/360marketinq.az\/en\/wp-json\/wp\/v2\/media?parent=690"}],"curies":[{"name":"wp","href":"https:\/\/api.w.org\/{rel}","templated":true}]}}